{"id":8741,"date":"2024-03-25T15:34:55","date_gmt":"2024-03-25T14:34:55","guid":{"rendered":"http:\/\/wiegel.de\/?page_id=8741"},"modified":"2025-05-15T11:05:35","modified_gmt":"2025-05-15T09:05:35","slug":"v-minulosti-i-dnes","status":"publish","type":"page","link":"https:\/\/wiegel.de\/sk\/v-minulosti-i-dnes\/","title":{"rendered":"V minulosti i dnes"},"content":{"rendered":"","protected":false},"excerpt":{"rendered":"","protected":false},"author":15,"featured_media":0,"parent":0,"menu_order":0,"comment_status":"closed","ping_status":"closed","template":"","meta":{"_acf_changed":false,"_relevanssi_hide_post":"","_relevanssi_hide_content":"","_relevanssi_pin_for_all":"","_relevanssi_pin_keywords":"","_relevanssi_unpin_keywords":"","_relevanssi_related_keywords":"","_relevanssi_related_include_ids":"","_relevanssi_related_exclude_ids":"","_relevanssi_related_no_append":"","_relevanssi_related_not_related":"","_relevanssi_related_posts":"","_relevanssi_noindex_reason":"","footnotes":""},"class_list":["post-8741","page","type-page","status-publish","hentry"],"acf":[],"yoast_head":"<!-- This site is optimized with the Yoast SEO Premium plugin v27.1 (Yoast SEO v27.1.1) - https:\/\/yoast.com\/product\/yoast-seo-premium-wordpress\/ -->\n<title>V minulosti i dnes - WIEGEL<\/title>\n<meta name=\"description\" content=\"Hist\u00f3ria WIEGEL za\u010d\u00edna v roku 1950 a pokra\u010duje a\u017e dodnes \u2013 od rodinnej firmy k ved\u00facemu hr\u00e1\u010dovi v zinkovan\u00ed a ocelov\u00fdch kon\u0161trukci\u00e1ch.\" \/>\n<meta name=\"robots\" content=\"index, follow, max-snippet:-1, max-image-preview:large, max-video-preview:-1\" \/>\n<link rel=\"canonical\" href=\"https:\/\/wiegel.de\/frueher-und-heute\/\" \/>\n<meta property=\"og:locale\" content=\"sk_SK\" \/>\n<meta property=\"og:type\" content=\"article\" \/>\n<meta property=\"og:title\" content=\"V minulosti i dnes\" \/>\n<meta property=\"og:description\" content=\"Hist\u00f3ria WIEGEL za\u010d\u00edna v roku 1950 a pokra\u010duje a\u017e dodnes \u2013 od rodinnej firmy k ved\u00facemu hr\u00e1\u010dovi v zinkovan\u00ed a ocelov\u00fdch kon\u0161trukci\u00e1ch.\" \/>\n<meta property=\"og:url\" content=\"https:\/\/wiegel.de\/frueher-und-heute\/\" \/>\n<meta property=\"og:site_name\" content=\"WIEGEL\" \/>\n<meta property=\"article:modified_time\" content=\"2025-05-15T09:05:35+00:00\" \/>\n<meta name=\"twitter:card\" content=\"summary_large_image\" \/>\n<script type=\"application\/ld+json\" class=\"yoast-schema-graph\">{\"@context\":\"https:\/\/schema.org\",\"@graph\":[{\"@type\":\"WebPage\",\"@id\":\"https:\/\/wiegel.de\/frueher-und-heute\/\",\"url\":\"https:\/\/wiegel.de\/frueher-und-heute\/\",\"name\":\"V minulosti i dnes - WIEGEL\",\"isPartOf\":{\"@id\":\"https:\/\/wiegel.de\/#website\"},\"datePublished\":\"2024-03-25T14:34:55+00:00\",\"dateModified\":\"2025-05-15T09:05:35+00:00\",\"description\":\"Hist\u00f3ria WIEGEL za\u010d\u00edna v roku 1950 a pokra\u010duje a\u017e dodnes \u2013 od rodinnej firmy k ved\u00facemu hr\u00e1\u010dovi v zinkovan\u00ed a ocelov\u00fdch kon\u0161trukci\u00e1ch.\",\"breadcrumb\":{\"@id\":\"https:\/\/wiegel.de\/frueher-und-heute\/#breadcrumb\"},\"inLanguage\":\"sk-SK\",\"potentialAction\":[{\"@type\":\"ReadAction\",\"target\":[\"https:\/\/wiegel.de\/frueher-und-heute\/\"]}]},{\"@type\":\"BreadcrumbList\",\"@id\":\"https:\/\/wiegel.de\/frueher-und-heute\/#breadcrumb\",\"itemListElement\":[{\"@type\":\"ListItem\",\"position\":1,\"name\":\"Start\",\"item\":\"https:\/\/wiegel.de\/sk\/\"},{\"@type\":\"ListItem\",\"position\":2,\"name\":\"V minulosti i dnes\"}]},{\"@type\":\"WebSite\",\"@id\":\"https:\/\/wiegel.de\/#website\",\"url\":\"https:\/\/wiegel.de\/\",\"name\":\"WIEGEL\",\"description\":\"Feuerverzinken, Beschichten, Gittermastbau, Telekommunikation\",\"potentialAction\":[{\"@type\":\"SearchAction\",\"target\":{\"@type\":\"EntryPoint\",\"urlTemplate\":\"https:\/\/wiegel.de\/?s={search_term_string}\"},\"query-input\":{\"@type\":\"PropertyValueSpecification\",\"valueRequired\":true,\"valueName\":\"search_term_string\"}}],\"inLanguage\":\"sk-SK\"}]}<\/script>\n<!-- \/ Yoast SEO Premium plugin. -->","yoast_head_json":{"title":"V minulosti i dnes - WIEGEL","description":"Hist\u00f3ria WIEGEL za\u010d\u00edna v roku 1950 a pokra\u010duje a\u017e dodnes \u2013 od rodinnej firmy k ved\u00facemu hr\u00e1\u010dovi v zinkovan\u00ed a ocelov\u00fdch kon\u0161trukci\u00e1ch.","robots":{"index":"index","follow":"follow","max-snippet":"max-snippet:-1","max-image-preview":"max-image-preview:large","max-video-preview":"max-video-preview:-1"},"canonical":"https:\/\/wiegel.de\/frueher-und-heute\/","og_locale":"sk_SK","og_type":"article","og_title":"V minulosti i dnes","og_description":"Hist\u00f3ria WIEGEL za\u010d\u00edna v roku 1950 a pokra\u010duje a\u017e dodnes \u2013 od rodinnej firmy k ved\u00facemu hr\u00e1\u010dovi v zinkovan\u00ed a ocelov\u00fdch kon\u0161trukci\u00e1ch.","og_url":"https:\/\/wiegel.de\/frueher-und-heute\/","og_site_name":"WIEGEL","article_modified_time":"2025-05-15T09:05:35+00:00","twitter_card":"summary_large_image","schema":{"@context":"https:\/\/schema.org","@graph":[{"@type":"WebPage","@id":"https:\/\/wiegel.de\/frueher-und-heute\/","url":"https:\/\/wiegel.de\/frueher-und-heute\/","name":"V minulosti i dnes - WIEGEL","isPartOf":{"@id":"https:\/\/wiegel.de\/#website"},"datePublished":"2024-03-25T14:34:55+00:00","dateModified":"2025-05-15T09:05:35+00:00","description":"Hist\u00f3ria WIEGEL za\u010d\u00edna v roku 1950 a pokra\u010duje a\u017e dodnes \u2013 od rodinnej firmy k ved\u00facemu hr\u00e1\u010dovi v zinkovan\u00ed a ocelov\u00fdch kon\u0161trukci\u00e1ch.","breadcrumb":{"@id":"https:\/\/wiegel.de\/frueher-und-heute\/#breadcrumb"},"inLanguage":"sk-SK","potentialAction":[{"@type":"ReadAction","target":["https:\/\/wiegel.de\/frueher-und-heute\/"]}]},{"@type":"BreadcrumbList","@id":"https:\/\/wiegel.de\/frueher-und-heute\/#breadcrumb","itemListElement":[{"@type":"ListItem","position":1,"name":"Start","item":"https:\/\/wiegel.de\/sk\/"},{"@type":"ListItem","position":2,"name":"V minulosti i dnes"}]},{"@type":"WebSite","@id":"https:\/\/wiegel.de\/#website","url":"https:\/\/wiegel.de\/","name":"WIEGEL","description":"Feuerverzinken, Beschichten, Gittermastbau, Telekommunikation","potentialAction":[{"@type":"SearchAction","target":{"@type":"EntryPoint","urlTemplate":"https:\/\/wiegel.de\/?s={search_term_string}"},"query-input":{"@type":"PropertyValueSpecification","valueRequired":true,"valueName":"search_term_string"}}],"inLanguage":"sk-SK"}]}},"_links":{"self":[{"href":"https:\/\/wiegel.de\/sk\/wp-json\/wp\/v2\/pages\/8741","targetHints":{"allow":["GET"]}}],"collection":[{"href":"https:\/\/wiegel.de\/sk\/wp-json\/wp\/v2\/pages"}],"about":[{"href":"https:\/\/wiegel.de\/sk\/wp-json\/wp\/v2\/types\/page"}],"author":[{"embeddable":true,"href":"https:\/\/wiegel.de\/sk\/wp-json\/wp\/v2\/users\/15"}],"replies":[{"embeddable":true,"href":"https:\/\/wiegel.de\/sk\/wp-json\/wp\/v2\/comments?post=8741"}],"version-history":[{"count":6,"href":"https:\/\/wiegel.de\/sk\/wp-json\/wp\/v2\/pages\/8741\/revisions"}],"predecessor-version":[{"id":22093,"href":"https:\/\/wiegel.de\/sk\/wp-json\/wp\/v2\/pages\/8741\/revisions\/22093"}],"wp:attachment":[{"href":"https:\/\/wiegel.de\/sk\/wp-json\/wp\/v2\/media?parent=8741"}],"curies":[{"name":"wp","href":"https:\/\/api.w.org\/{rel}","templated":true}]}}