{"id":4577,"date":"2024-03-07T15:45:01","date_gmt":"2024-03-07T14:45:01","guid":{"rendered":"http:\/\/wiegel.de\/?page_id=4577"},"modified":"2026-02-02T15:38:52","modified_gmt":"2026-02-02T14:38:52","slug":"lakovanie","status":"publish","type":"page","link":"https:\/\/wiegel.de\/sk\/lakovanie\/","title":{"rendered":"Lakovanie"},"content":{"rendered":"","protected":false},"excerpt":{"rendered":"","protected":false},"author":15,"featured_media":0,"parent":0,"menu_order":0,"comment_status":"closed","ping_status":"closed","template":"","meta":{"_acf_changed":false,"_relevanssi_hide_post":"","_relevanssi_hide_content":"","_relevanssi_pin_for_all":"","_relevanssi_pin_keywords":"","_relevanssi_unpin_keywords":"","_relevanssi_related_keywords":"","_relevanssi_related_include_ids":"","_relevanssi_related_exclude_ids":"","_relevanssi_related_no_append":"","_relevanssi_related_not_related":"","_relevanssi_related_posts":"","_relevanssi_noindex_reason":"","footnotes":""},"class_list":["post-4577","page","type-page","status-publish","hentry"],"acf":[],"yoast_head":"<!-- This site is optimized with the Yoast SEO Premium plugin v27.1 (Yoast SEO v27.1.1) - https:\/\/yoast.com\/product\/yoast-seo-premium-wordpress\/ -->\n<title>Lakovanie - WIEGEL<\/title>\n<meta name=\"description\" content=\"Lakovanie ocele od WIEGEL \u2013 odoln\u00fd povrchov\u00fd n\u00e1ter vhodn\u00fd pre kombin\u00e1ciu s pozinkovan\u00edm. Spo\u013eahliv\u00e1 ochrana pre oce\u013eov\u00e9 kon\u0161trukcie.\" \/>\n<meta name=\"robots\" content=\"index, follow, max-snippet:-1, max-image-preview:large, max-video-preview:-1\" \/>\n<link rel=\"canonical\" href=\"https:\/\/wiegel.de\/sk\/lakovanie\/\" \/>\n<meta property=\"og:locale\" content=\"sk_SK\" \/>\n<meta property=\"og:type\" content=\"article\" \/>\n<meta property=\"og:title\" content=\"Lakovanie\" \/>\n<meta property=\"og:description\" content=\"Lakovanie ocele od WIEGEL \u2013 odoln\u00fd povrchov\u00fd n\u00e1ter vhodn\u00fd pre kombin\u00e1ciu s pozinkovan\u00edm. Spo\u013eahliv\u00e1 ochrana pre oce\u013eov\u00e9 kon\u0161trukcie.\" \/>\n<meta property=\"og:url\" content=\"https:\/\/wiegel.de\/sk\/lakovanie\/\" \/>\n<meta property=\"og:site_name\" content=\"WIEGEL\" \/>\n<meta property=\"article:modified_time\" content=\"2026-02-02T14:38:52+00:00\" \/>\n<meta property=\"og:image\" content=\"https:\/\/wiegel.de\/wp-content\/uploads\/2024\/03\/11-150x150.jpg\" \/>\n<meta name=\"twitter:card\" content=\"summary_large_image\" \/>\n<script type=\"application\/ld+json\" class=\"yoast-schema-graph\">{\"@context\":\"https:\/\/schema.org\",\"@graph\":[{\"@type\":\"WebPage\",\"@id\":\"https:\/\/wiegel.de\/sk\/lakovanie\/\",\"url\":\"https:\/\/wiegel.de\/sk\/lakovanie\/\",\"name\":\"Lakovanie - WIEGEL\",\"isPartOf\":{\"@id\":\"https:\/\/wiegel.de\/#website\"},\"datePublished\":\"2024-03-07T14:45:01+00:00\",\"dateModified\":\"2026-02-02T14:38:52+00:00\",\"description\":\"Lakovanie ocele od WIEGEL \u2013 odoln\u00fd povrchov\u00fd n\u00e1ter vhodn\u00fd pre kombin\u00e1ciu s pozinkovan\u00edm. Spo\u013eahliv\u00e1 ochrana pre oce\u013eov\u00e9 kon\u0161trukcie.\",\"breadcrumb\":{\"@id\":\"https:\/\/wiegel.de\/sk\/lakovanie\/#breadcrumb\"},\"inLanguage\":\"sk-SK\",\"potentialAction\":[{\"@type\":\"ReadAction\",\"target\":[\"https:\/\/wiegel.de\/sk\/lakovanie\/\"]}]},{\"@type\":\"BreadcrumbList\",\"@id\":\"https:\/\/wiegel.de\/sk\/lakovanie\/#breadcrumb\",\"itemListElement\":[{\"@type\":\"ListItem\",\"position\":1,\"name\":\"Start\",\"item\":\"https:\/\/wiegel.de\/sk\/\"},{\"@type\":\"ListItem\",\"position\":2,\"name\":\"Lakovanie\"}]},{\"@type\":\"WebSite\",\"@id\":\"https:\/\/wiegel.de\/#website\",\"url\":\"https:\/\/wiegel.de\/\",\"name\":\"WIEGEL\",\"description\":\"Feuerverzinken, Beschichten, Gittermastbau, Telekommunikation\",\"potentialAction\":[{\"@type\":\"SearchAction\",\"target\":{\"@type\":\"EntryPoint\",\"urlTemplate\":\"https:\/\/wiegel.de\/?s={search_term_string}\"},\"query-input\":{\"@type\":\"PropertyValueSpecification\",\"valueRequired\":true,\"valueName\":\"search_term_string\"}}],\"inLanguage\":\"sk-SK\"}]}<\/script>\n<!-- \/ Yoast SEO Premium plugin. -->","yoast_head_json":{"title":"Lakovanie - WIEGEL","description":"Lakovanie ocele od WIEGEL \u2013 odoln\u00fd povrchov\u00fd n\u00e1ter vhodn\u00fd pre kombin\u00e1ciu s pozinkovan\u00edm. Spo\u013eahliv\u00e1 ochrana pre oce\u013eov\u00e9 kon\u0161trukcie.","robots":{"index":"index","follow":"follow","max-snippet":"max-snippet:-1","max-image-preview":"max-image-preview:large","max-video-preview":"max-video-preview:-1"},"canonical":"https:\/\/wiegel.de\/sk\/lakovanie\/","og_locale":"sk_SK","og_type":"article","og_title":"Lakovanie","og_description":"Lakovanie ocele od WIEGEL \u2013 odoln\u00fd povrchov\u00fd n\u00e1ter vhodn\u00fd pre kombin\u00e1ciu s pozinkovan\u00edm. Spo\u013eahliv\u00e1 ochrana pre oce\u013eov\u00e9 kon\u0161trukcie.","og_url":"https:\/\/wiegel.de\/sk\/lakovanie\/","og_site_name":"WIEGEL","article_modified_time":"2026-02-02T14:38:52+00:00","og_image":[{"url":"https:\/\/wiegel.de\/wp-content\/uploads\/2024\/03\/11-150x150.jpg","type":"","width":"","height":""}],"twitter_card":"summary_large_image","schema":{"@context":"https:\/\/schema.org","@graph":[{"@type":"WebPage","@id":"https:\/\/wiegel.de\/sk\/lakovanie\/","url":"https:\/\/wiegel.de\/sk\/lakovanie\/","name":"Lakovanie - WIEGEL","isPartOf":{"@id":"https:\/\/wiegel.de\/#website"},"datePublished":"2024-03-07T14:45:01+00:00","dateModified":"2026-02-02T14:38:52+00:00","description":"Lakovanie ocele od WIEGEL \u2013 odoln\u00fd povrchov\u00fd n\u00e1ter vhodn\u00fd pre kombin\u00e1ciu s pozinkovan\u00edm. Spo\u013eahliv\u00e1 ochrana pre oce\u013eov\u00e9 kon\u0161trukcie.","breadcrumb":{"@id":"https:\/\/wiegel.de\/sk\/lakovanie\/#breadcrumb"},"inLanguage":"sk-SK","potentialAction":[{"@type":"ReadAction","target":["https:\/\/wiegel.de\/sk\/lakovanie\/"]}]},{"@type":"BreadcrumbList","@id":"https:\/\/wiegel.de\/sk\/lakovanie\/#breadcrumb","itemListElement":[{"@type":"ListItem","position":1,"name":"Start","item":"https:\/\/wiegel.de\/sk\/"},{"@type":"ListItem","position":2,"name":"Lakovanie"}]},{"@type":"WebSite","@id":"https:\/\/wiegel.de\/#website","url":"https:\/\/wiegel.de\/","name":"WIEGEL","description":"Feuerverzinken, Beschichten, Gittermastbau, Telekommunikation","potentialAction":[{"@type":"SearchAction","target":{"@type":"EntryPoint","urlTemplate":"https:\/\/wiegel.de\/?s={search_term_string}"},"query-input":{"@type":"PropertyValueSpecification","valueRequired":true,"valueName":"search_term_string"}}],"inLanguage":"sk-SK"}]}},"_links":{"self":[{"href":"https:\/\/wiegel.de\/sk\/wp-json\/wp\/v2\/pages\/4577","targetHints":{"allow":["GET"]}}],"collection":[{"href":"https:\/\/wiegel.de\/sk\/wp-json\/wp\/v2\/pages"}],"about":[{"href":"https:\/\/wiegel.de\/sk\/wp-json\/wp\/v2\/types\/page"}],"author":[{"embeddable":true,"href":"https:\/\/wiegel.de\/sk\/wp-json\/wp\/v2\/users\/15"}],"replies":[{"embeddable":true,"href":"https:\/\/wiegel.de\/sk\/wp-json\/wp\/v2\/comments?post=4577"}],"version-history":[{"count":19,"href":"https:\/\/wiegel.de\/sk\/wp-json\/wp\/v2\/pages\/4577\/revisions"}],"predecessor-version":[{"id":31223,"href":"https:\/\/wiegel.de\/sk\/wp-json\/wp\/v2\/pages\/4577\/revisions\/31223"}],"wp:attachment":[{"href":"https:\/\/wiegel.de\/sk\/wp-json\/wp\/v2\/media?parent=4577"}],"curies":[{"name":"wp","href":"https:\/\/api.w.org\/{rel}","templated":true}]}}