{"id":4510,"date":"2024-03-13T17:37:47","date_gmt":"2024-03-13T16:37:47","guid":{"rendered":"http:\/\/wiegel.de\/?page_id=4510"},"modified":"2025-05-15T11:11:47","modified_gmt":"2025-05-15T09:11:47","slug":"prehladny-cenovy-system","status":"publish","type":"page","link":"https:\/\/wiegel.de\/sk\/prehladny-cenovy-system\/","title":{"rendered":"Preh\u013eadn\u00fd cenov\u00fd syst\u00e9m"},"content":{"rendered":"","protected":false},"excerpt":{"rendered":"","protected":false},"author":15,"featured_media":0,"parent":0,"menu_order":0,"comment_status":"closed","ping_status":"closed","template":"","meta":{"_acf_changed":false,"_relevanssi_hide_post":"","_relevanssi_hide_content":"","_relevanssi_pin_for_all":"","_relevanssi_pin_keywords":"","_relevanssi_unpin_keywords":"","_relevanssi_related_keywords":"","_relevanssi_related_include_ids":"","_relevanssi_related_exclude_ids":"","_relevanssi_related_no_append":"","_relevanssi_related_not_related":"","_relevanssi_related_posts":"","_relevanssi_noindex_reason":"","footnotes":""},"class_list":["post-4510","page","type-page","status-publish","hentry"],"acf":[],"yoast_head":"<!-- This site is optimized with the Yoast SEO Premium plugin v27.4 (Yoast SEO v27.4) - https:\/\/yoast.com\/product\/yoast-seo-premium-wordpress\/ -->\n<title>Preh\u013eadn\u00fd cenov\u00fd syst\u00e9m - WIEGEL<\/title>\n<meta name=\"description\" content=\"Cenov\u00fd syst\u00e9m WIEGEL je zalo\u017een\u00fd na transparentnosti: oddelen\u00e9 n\u00e1klady na materi\u00e1l, zinkovanie a slu\u017eby. F\u00e9rov\u00e9 ceny pre ka\u017ed\u00e9ho z\u00e1kazn\u00edka.\" \/>\n<meta name=\"robots\" content=\"noindex, nofollow\" \/>\n<meta property=\"og:locale\" content=\"sk_SK\" \/>\n<meta property=\"og:type\" content=\"article\" \/>\n<meta property=\"og:title\" content=\"Preh\u013eadn\u00fd cenov\u00fd syst\u00e9m\" \/>\n<meta property=\"og:description\" content=\"Cenov\u00fd syst\u00e9m WIEGEL je zalo\u017een\u00fd na transparentnosti: oddelen\u00e9 n\u00e1klady na materi\u00e1l, zinkovanie a slu\u017eby. F\u00e9rov\u00e9 ceny pre ka\u017ed\u00e9ho z\u00e1kazn\u00edka.\" \/>\n<meta property=\"og:url\" content=\"https:\/\/wiegel.de\/nachvollziehbares-preissystem\/\" \/>\n<meta property=\"og:site_name\" content=\"WIEGEL\" \/>\n<meta property=\"article:modified_time\" content=\"2025-05-15T09:11:47+00:00\" \/>\n<meta property=\"og:image\" content=\"https:\/\/wiegel.de\/wp-content\/uploads\/2024\/03\/Header-Aktuelles-Zinkpreis-150x150.jpg\" \/>\n<meta name=\"twitter:card\" content=\"summary_large_image\" \/>\n<script type=\"application\/ld+json\" class=\"yoast-schema-graph\">{\"@context\":\"https:\\\/\\\/schema.org\",\"@graph\":[{\"@type\":\"WebPage\",\"@id\":\"https:\\\/\\\/wiegel.de\\\/nachvollziehbares-preissystem\\\/\",\"url\":\"https:\\\/\\\/wiegel.de\\\/nachvollziehbares-preissystem\\\/\",\"name\":\"Preh\u013eadn\u00fd cenov\u00fd syst\u00e9m - WIEGEL\",\"isPartOf\":{\"@id\":\"https:\\\/\\\/wiegel.de\\\/#website\"},\"datePublished\":\"2024-03-13T16:37:47+00:00\",\"dateModified\":\"2025-05-15T09:11:47+00:00\",\"description\":\"Cenov\u00fd syst\u00e9m WIEGEL je zalo\u017een\u00fd na transparentnosti: oddelen\u00e9 n\u00e1klady na materi\u00e1l, zinkovanie a slu\u017eby. F\u00e9rov\u00e9 ceny pre ka\u017ed\u00e9ho z\u00e1kazn\u00edka.\",\"breadcrumb\":{\"@id\":\"https:\\\/\\\/wiegel.de\\\/nachvollziehbares-preissystem\\\/#breadcrumb\"},\"inLanguage\":\"sk-SK\",\"potentialAction\":[{\"@type\":\"ReadAction\",\"target\":[\"https:\\\/\\\/wiegel.de\\\/nachvollziehbares-preissystem\\\/\"]}]},{\"@type\":\"BreadcrumbList\",\"@id\":\"https:\\\/\\\/wiegel.de\\\/nachvollziehbares-preissystem\\\/#breadcrumb\",\"itemListElement\":[{\"@type\":\"ListItem\",\"position\":1,\"name\":\"Start\",\"item\":\"https:\\\/\\\/wiegel.de\\\/sk\\\/\"},{\"@type\":\"ListItem\",\"position\":2,\"name\":\"Preh\u013eadn\u00fd cenov\u00fd syst\u00e9m\"}]},{\"@type\":\"WebSite\",\"@id\":\"https:\\\/\\\/wiegel.de\\\/#website\",\"url\":\"https:\\\/\\\/wiegel.de\\\/\",\"name\":\"WIEGEL\",\"description\":\"Feuerverzinken, Beschichten, Gittermastbau, Telekommunikation\",\"potentialAction\":[{\"@type\":\"SearchAction\",\"target\":{\"@type\":\"EntryPoint\",\"urlTemplate\":\"https:\\\/\\\/wiegel.de\\\/?s={search_term_string}\"},\"query-input\":{\"@type\":\"PropertyValueSpecification\",\"valueRequired\":true,\"valueName\":\"search_term_string\"}}],\"inLanguage\":\"sk-SK\"}]}<\/script>\n<!-- \/ Yoast SEO Premium plugin. -->","yoast_head_json":{"title":"Preh\u013eadn\u00fd cenov\u00fd syst\u00e9m - WIEGEL","description":"Cenov\u00fd syst\u00e9m WIEGEL je zalo\u017een\u00fd na transparentnosti: oddelen\u00e9 n\u00e1klady na materi\u00e1l, zinkovanie a slu\u017eby. F\u00e9rov\u00e9 ceny pre ka\u017ed\u00e9ho z\u00e1kazn\u00edka.","robots":{"index":"noindex","follow":"nofollow"},"og_locale":"sk_SK","og_type":"article","og_title":"Preh\u013eadn\u00fd cenov\u00fd syst\u00e9m","og_description":"Cenov\u00fd syst\u00e9m WIEGEL je zalo\u017een\u00fd na transparentnosti: oddelen\u00e9 n\u00e1klady na materi\u00e1l, zinkovanie a slu\u017eby. F\u00e9rov\u00e9 ceny pre ka\u017ed\u00e9ho z\u00e1kazn\u00edka.","og_url":"https:\/\/wiegel.de\/nachvollziehbares-preissystem\/","og_site_name":"WIEGEL","article_modified_time":"2025-05-15T09:11:47+00:00","og_image":[{"url":"https:\/\/wiegel.de\/wp-content\/uploads\/2024\/03\/Header-Aktuelles-Zinkpreis-150x150.jpg","type":"","width":"","height":""}],"twitter_card":"summary_large_image","schema":{"@context":"https:\/\/schema.org","@graph":[{"@type":"WebPage","@id":"https:\/\/wiegel.de\/nachvollziehbares-preissystem\/","url":"https:\/\/wiegel.de\/nachvollziehbares-preissystem\/","name":"Preh\u013eadn\u00fd cenov\u00fd syst\u00e9m - WIEGEL","isPartOf":{"@id":"https:\/\/wiegel.de\/#website"},"datePublished":"2024-03-13T16:37:47+00:00","dateModified":"2025-05-15T09:11:47+00:00","description":"Cenov\u00fd syst\u00e9m WIEGEL je zalo\u017een\u00fd na transparentnosti: oddelen\u00e9 n\u00e1klady na materi\u00e1l, zinkovanie a slu\u017eby. F\u00e9rov\u00e9 ceny pre ka\u017ed\u00e9ho z\u00e1kazn\u00edka.","breadcrumb":{"@id":"https:\/\/wiegel.de\/nachvollziehbares-preissystem\/#breadcrumb"},"inLanguage":"sk-SK","potentialAction":[{"@type":"ReadAction","target":["https:\/\/wiegel.de\/nachvollziehbares-preissystem\/"]}]},{"@type":"BreadcrumbList","@id":"https:\/\/wiegel.de\/nachvollziehbares-preissystem\/#breadcrumb","itemListElement":[{"@type":"ListItem","position":1,"name":"Start","item":"https:\/\/wiegel.de\/sk\/"},{"@type":"ListItem","position":2,"name":"Preh\u013eadn\u00fd cenov\u00fd syst\u00e9m"}]},{"@type":"WebSite","@id":"https:\/\/wiegel.de\/#website","url":"https:\/\/wiegel.de\/","name":"WIEGEL","description":"Feuerverzinken, Beschichten, Gittermastbau, Telekommunikation","potentialAction":[{"@type":"SearchAction","target":{"@type":"EntryPoint","urlTemplate":"https:\/\/wiegel.de\/?s={search_term_string}"},"query-input":{"@type":"PropertyValueSpecification","valueRequired":true,"valueName":"search_term_string"}}],"inLanguage":"sk-SK"}]}},"_links":{"self":[{"href":"https:\/\/wiegel.de\/sk\/wp-json\/wp\/v2\/pages\/4510","targetHints":{"allow":["GET"]}}],"collection":[{"href":"https:\/\/wiegel.de\/sk\/wp-json\/wp\/v2\/pages"}],"about":[{"href":"https:\/\/wiegel.de\/sk\/wp-json\/wp\/v2\/types\/page"}],"author":[{"embeddable":true,"href":"https:\/\/wiegel.de\/sk\/wp-json\/wp\/v2\/users\/15"}],"replies":[{"embeddable":true,"href":"https:\/\/wiegel.de\/sk\/wp-json\/wp\/v2\/comments?post=4510"}],"version-history":[{"count":2,"href":"https:\/\/wiegel.de\/sk\/wp-json\/wp\/v2\/pages\/4510\/revisions"}],"predecessor-version":[{"id":8730,"href":"https:\/\/wiegel.de\/sk\/wp-json\/wp\/v2\/pages\/4510\/revisions\/8730"}],"wp:attachment":[{"href":"https:\/\/wiegel.de\/sk\/wp-json\/wp\/v2\/media?parent=4510"}],"curies":[{"name":"wp","href":"https:\/\/api.w.org\/{rel}","templated":true}]}}