{"id":4283,"date":"2025-02-17T13:59:03","date_gmt":"2025-02-17T12:59:03","guid":{"rendered":"http:\/\/wiegel.de\/?page_id=4283"},"modified":"2026-01-09T10:05:22","modified_gmt":"2026-01-09T09:05:22","slug":"pravne-ujednania","status":"publish","type":"page","link":"https:\/\/wiegel.de\/sk\/pravne-ujednania\/","title":{"rendered":"Pr\u00e1vne ujednania"},"content":{"rendered":"","protected":false},"excerpt":{"rendered":"","protected":false},"author":15,"featured_media":0,"parent":0,"menu_order":0,"comment_status":"closed","ping_status":"closed","template":"","meta":{"_acf_changed":false,"_relevanssi_hide_post":"","_relevanssi_hide_content":"","_relevanssi_pin_for_all":"","_relevanssi_pin_keywords":"","_relevanssi_unpin_keywords":"","_relevanssi_related_keywords":"","_relevanssi_related_include_ids":"","_relevanssi_related_exclude_ids":"","_relevanssi_related_no_append":"","_relevanssi_related_not_related":"","_relevanssi_related_posts":"","_relevanssi_noindex_reason":"","footnotes":""},"class_list":["post-4283","page","type-page","status-publish","hentry"],"acf":[],"yoast_head":"<!-- This site is optimized with the Yoast SEO Premium plugin v27.1 (Yoast SEO v27.1.1) - https:\/\/yoast.com\/product\/yoast-seo-premium-wordpress\/ -->\n<title>Pr\u00e1vne ujednania - WIEGEL<\/title>\n<meta name=\"description\" content=\"Pre\u010d\u00edtajte si pr\u00e1vne ujednania WIEGEL \u2013 inform\u00e1cie o zodpovednosti za obsah, autorsk\u00fdch pr\u00e1vach a podmienkach pou\u017e\u00edvania tejto webovej str\u00e1nky.\" \/>\n<meta name=\"robots\" content=\"index, follow, max-snippet:-1, max-image-preview:large, max-video-preview:-1\" \/>\n<link rel=\"canonical\" href=\"https:\/\/wiegel.de\/sk\/pravne-ujednania\/\" \/>\n<meta property=\"og:locale\" content=\"sk_SK\" \/>\n<meta property=\"og:type\" content=\"article\" \/>\n<meta property=\"og:title\" content=\"Pr\u00e1vne ujednania\" \/>\n<meta property=\"og:description\" content=\"Pre\u010d\u00edtajte si pr\u00e1vne ujednania WIEGEL \u2013 inform\u00e1cie o zodpovednosti za obsah, autorsk\u00fdch pr\u00e1vach a podmienkach pou\u017e\u00edvania tejto webovej str\u00e1nky.\" \/>\n<meta property=\"og:url\" content=\"https:\/\/wiegel.de\/sk\/pravne-ujednania\/\" \/>\n<meta property=\"og:site_name\" content=\"WIEGEL\" \/>\n<meta property=\"article:modified_time\" content=\"2026-01-09T09:05:22+00:00\" \/>\n<meta name=\"twitter:card\" content=\"summary_large_image\" \/>\n<script type=\"application\/ld+json\" class=\"yoast-schema-graph\">{\"@context\":\"https:\/\/schema.org\",\"@graph\":[{\"@type\":\"WebPage\",\"@id\":\"https:\/\/wiegel.de\/sk\/pravne-ujednania\/\",\"url\":\"https:\/\/wiegel.de\/sk\/pravne-ujednania\/\",\"name\":\"Pr\u00e1vne ujednania - WIEGEL\",\"isPartOf\":{\"@id\":\"https:\/\/wiegel.de\/#website\"},\"datePublished\":\"2025-02-17T12:59:03+00:00\",\"dateModified\":\"2026-01-09T09:05:22+00:00\",\"description\":\"Pre\u010d\u00edtajte si pr\u00e1vne ujednania WIEGEL \u2013 inform\u00e1cie o zodpovednosti za obsah, autorsk\u00fdch pr\u00e1vach a podmienkach pou\u017e\u00edvania tejto webovej str\u00e1nky.\",\"breadcrumb\":{\"@id\":\"https:\/\/wiegel.de\/sk\/pravne-ujednania\/#breadcrumb\"},\"inLanguage\":\"sk-SK\",\"potentialAction\":[{\"@type\":\"ReadAction\",\"target\":[\"https:\/\/wiegel.de\/sk\/pravne-ujednania\/\"]}]},{\"@type\":\"BreadcrumbList\",\"@id\":\"https:\/\/wiegel.de\/sk\/pravne-ujednania\/#breadcrumb\",\"itemListElement\":[{\"@type\":\"ListItem\",\"position\":1,\"name\":\"Start\",\"item\":\"https:\/\/wiegel.de\/sk\/\"},{\"@type\":\"ListItem\",\"position\":2,\"name\":\"Pr\u00e1vne ujednania\"}]},{\"@type\":\"WebSite\",\"@id\":\"https:\/\/wiegel.de\/#website\",\"url\":\"https:\/\/wiegel.de\/\",\"name\":\"WIEGEL\",\"description\":\"Feuerverzinken, Beschichten, Gittermastbau, Telekommunikation\",\"potentialAction\":[{\"@type\":\"SearchAction\",\"target\":{\"@type\":\"EntryPoint\",\"urlTemplate\":\"https:\/\/wiegel.de\/?s={search_term_string}\"},\"query-input\":{\"@type\":\"PropertyValueSpecification\",\"valueRequired\":true,\"valueName\":\"search_term_string\"}}],\"inLanguage\":\"sk-SK\"}]}<\/script>\n<!-- \/ Yoast SEO Premium plugin. -->","yoast_head_json":{"title":"Pr\u00e1vne ujednania - WIEGEL","description":"Pre\u010d\u00edtajte si pr\u00e1vne ujednania WIEGEL \u2013 inform\u00e1cie o zodpovednosti za obsah, autorsk\u00fdch pr\u00e1vach a podmienkach pou\u017e\u00edvania tejto webovej str\u00e1nky.","robots":{"index":"index","follow":"follow","max-snippet":"max-snippet:-1","max-image-preview":"max-image-preview:large","max-video-preview":"max-video-preview:-1"},"canonical":"https:\/\/wiegel.de\/sk\/pravne-ujednania\/","og_locale":"sk_SK","og_type":"article","og_title":"Pr\u00e1vne ujednania","og_description":"Pre\u010d\u00edtajte si pr\u00e1vne ujednania WIEGEL \u2013 inform\u00e1cie o zodpovednosti za obsah, autorsk\u00fdch pr\u00e1vach a podmienkach pou\u017e\u00edvania tejto webovej str\u00e1nky.","og_url":"https:\/\/wiegel.de\/sk\/pravne-ujednania\/","og_site_name":"WIEGEL","article_modified_time":"2026-01-09T09:05:22+00:00","twitter_card":"summary_large_image","schema":{"@context":"https:\/\/schema.org","@graph":[{"@type":"WebPage","@id":"https:\/\/wiegel.de\/sk\/pravne-ujednania\/","url":"https:\/\/wiegel.de\/sk\/pravne-ujednania\/","name":"Pr\u00e1vne ujednania - WIEGEL","isPartOf":{"@id":"https:\/\/wiegel.de\/#website"},"datePublished":"2025-02-17T12:59:03+00:00","dateModified":"2026-01-09T09:05:22+00:00","description":"Pre\u010d\u00edtajte si pr\u00e1vne ujednania WIEGEL \u2013 inform\u00e1cie o zodpovednosti za obsah, autorsk\u00fdch pr\u00e1vach a podmienkach pou\u017e\u00edvania tejto webovej str\u00e1nky.","breadcrumb":{"@id":"https:\/\/wiegel.de\/sk\/pravne-ujednania\/#breadcrumb"},"inLanguage":"sk-SK","potentialAction":[{"@type":"ReadAction","target":["https:\/\/wiegel.de\/sk\/pravne-ujednania\/"]}]},{"@type":"BreadcrumbList","@id":"https:\/\/wiegel.de\/sk\/pravne-ujednania\/#breadcrumb","itemListElement":[{"@type":"ListItem","position":1,"name":"Start","item":"https:\/\/wiegel.de\/sk\/"},{"@type":"ListItem","position":2,"name":"Pr\u00e1vne ujednania"}]},{"@type":"WebSite","@id":"https:\/\/wiegel.de\/#website","url":"https:\/\/wiegel.de\/","name":"WIEGEL","description":"Feuerverzinken, Beschichten, Gittermastbau, Telekommunikation","potentialAction":[{"@type":"SearchAction","target":{"@type":"EntryPoint","urlTemplate":"https:\/\/wiegel.de\/?s={search_term_string}"},"query-input":{"@type":"PropertyValueSpecification","valueRequired":true,"valueName":"search_term_string"}}],"inLanguage":"sk-SK"}]}},"_links":{"self":[{"href":"https:\/\/wiegel.de\/sk\/wp-json\/wp\/v2\/pages\/4283","targetHints":{"allow":["GET"]}}],"collection":[{"href":"https:\/\/wiegel.de\/sk\/wp-json\/wp\/v2\/pages"}],"about":[{"href":"https:\/\/wiegel.de\/sk\/wp-json\/wp\/v2\/types\/page"}],"author":[{"embeddable":true,"href":"https:\/\/wiegel.de\/sk\/wp-json\/wp\/v2\/users\/15"}],"replies":[{"embeddable":true,"href":"https:\/\/wiegel.de\/sk\/wp-json\/wp\/v2\/comments?post=4283"}],"version-history":[{"count":9,"href":"https:\/\/wiegel.de\/sk\/wp-json\/wp\/v2\/pages\/4283\/revisions"}],"predecessor-version":[{"id":30128,"href":"https:\/\/wiegel.de\/sk\/wp-json\/wp\/v2\/pages\/4283\/revisions\/30128"}],"wp:attachment":[{"href":"https:\/\/wiegel.de\/sk\/wp-json\/wp\/v2\/media?parent=4283"}],"curies":[{"name":"wp","href":"https:\/\/api.w.org\/{rel}","templated":true}]}}