{"id":16881,"date":"2024-03-08T13:51:15","date_gmt":"2024-03-08T12:51:15","guid":{"rendered":"http:\/\/wiegel.de\/?page_id=16881"},"modified":"2025-05-15T08:49:40","modified_gmt":"2025-05-15T06:49:40","slug":"na-stiahnutie","status":"publish","type":"page","link":"https:\/\/wiegel.de\/sk\/na-stiahnutie\/","title":{"rendered":"Na stiahnutie"},"content":{"rendered":"","protected":false},"excerpt":{"rendered":"","protected":false},"author":14,"featured_media":0,"parent":0,"menu_order":0,"comment_status":"closed","ping_status":"closed","template":"","meta":{"_acf_changed":false,"_relevanssi_hide_post":"","_relevanssi_hide_content":"","_relevanssi_pin_for_all":"","_relevanssi_pin_keywords":"","_relevanssi_unpin_keywords":"","_relevanssi_related_keywords":"","_relevanssi_related_include_ids":"","_relevanssi_related_exclude_ids":"","_relevanssi_related_no_append":"","_relevanssi_related_not_related":"","_relevanssi_related_posts":"","_relevanssi_noindex_reason":"","footnotes":""},"class_list":["post-16881","page","type-page","status-publish","hentry"],"acf":[],"yoast_head":"<!-- This site is optimized with the Yoast SEO Premium plugin v27.1 (Yoast SEO v27.1.1) - https:\/\/yoast.com\/product\/yoast-seo-premium-wordpress\/ -->\n<title>Na stiahnutie - WIEGEL<\/title>\n<meta name=\"description\" content=\"V\u0161etky dokumenty na stiahnutie WIEGEL: bro\u017e\u00fary, log\u00e1, certifik\u00e1ty, technick\u00e9 listy a \u010fal\u0161ie podklady pre va\u0161e projekty \u010di prezent\u00e1cie.\" \/>\n<meta name=\"robots\" content=\"index, follow, max-snippet:-1, max-image-preview:large, max-video-preview:-1\" \/>\n<link rel=\"canonical\" href=\"https:\/\/wiegel.de\/sk\/na-stiahnutie\/\" \/>\n<meta property=\"og:locale\" content=\"sk_SK\" \/>\n<meta property=\"og:type\" content=\"article\" \/>\n<meta property=\"og:title\" content=\"Na stiahnutie\" \/>\n<meta property=\"og:description\" content=\"V\u0161etky dokumenty na stiahnutie WIEGEL: bro\u017e\u00fary, log\u00e1, certifik\u00e1ty, technick\u00e9 listy a \u010fal\u0161ie podklady pre va\u0161e projekty \u010di prezent\u00e1cie.\" \/>\n<meta property=\"og:url\" content=\"https:\/\/wiegel.de\/sk\/na-stiahnutie\/\" \/>\n<meta property=\"og:site_name\" content=\"WIEGEL\" \/>\n<meta property=\"article:modified_time\" content=\"2025-05-15T06:49:40+00:00\" \/>\n<meta name=\"twitter:card\" content=\"summary_large_image\" \/>\n<script type=\"application\/ld+json\" class=\"yoast-schema-graph\">{\"@context\":\"https:\/\/schema.org\",\"@graph\":[{\"@type\":\"WebPage\",\"@id\":\"https:\/\/wiegel.de\/sk\/na-stiahnutie\/\",\"url\":\"https:\/\/wiegel.de\/sk\/na-stiahnutie\/\",\"name\":\"Na stiahnutie - WIEGEL\",\"isPartOf\":{\"@id\":\"https:\/\/wiegel.de\/#website\"},\"datePublished\":\"2024-03-08T12:51:15+00:00\",\"dateModified\":\"2025-05-15T06:49:40+00:00\",\"description\":\"V\u0161etky dokumenty na stiahnutie WIEGEL: bro\u017e\u00fary, log\u00e1, certifik\u00e1ty, technick\u00e9 listy a \u010fal\u0161ie podklady pre va\u0161e projekty \u010di prezent\u00e1cie.\",\"breadcrumb\":{\"@id\":\"https:\/\/wiegel.de\/sk\/na-stiahnutie\/#breadcrumb\"},\"inLanguage\":\"sk-SK\",\"potentialAction\":[{\"@type\":\"ReadAction\",\"target\":[\"https:\/\/wiegel.de\/sk\/na-stiahnutie\/\"]}]},{\"@type\":\"BreadcrumbList\",\"@id\":\"https:\/\/wiegel.de\/sk\/na-stiahnutie\/#breadcrumb\",\"itemListElement\":[{\"@type\":\"ListItem\",\"position\":1,\"name\":\"Start\",\"item\":\"https:\/\/wiegel.de\/sk\/\"},{\"@type\":\"ListItem\",\"position\":2,\"name\":\"Na stiahnutie\"}]},{\"@type\":\"WebSite\",\"@id\":\"https:\/\/wiegel.de\/#website\",\"url\":\"https:\/\/wiegel.de\/\",\"name\":\"WIEGEL\",\"description\":\"Feuerverzinken, Beschichten, Gittermastbau, Telekommunikation\",\"potentialAction\":[{\"@type\":\"SearchAction\",\"target\":{\"@type\":\"EntryPoint\",\"urlTemplate\":\"https:\/\/wiegel.de\/?s={search_term_string}\"},\"query-input\":{\"@type\":\"PropertyValueSpecification\",\"valueRequired\":true,\"valueName\":\"search_term_string\"}}],\"inLanguage\":\"sk-SK\"}]}<\/script>\n<!-- \/ Yoast SEO Premium plugin. -->","yoast_head_json":{"title":"Na stiahnutie - WIEGEL","description":"V\u0161etky dokumenty na stiahnutie WIEGEL: bro\u017e\u00fary, log\u00e1, certifik\u00e1ty, technick\u00e9 listy a \u010fal\u0161ie podklady pre va\u0161e projekty \u010di prezent\u00e1cie.","robots":{"index":"index","follow":"follow","max-snippet":"max-snippet:-1","max-image-preview":"max-image-preview:large","max-video-preview":"max-video-preview:-1"},"canonical":"https:\/\/wiegel.de\/sk\/na-stiahnutie\/","og_locale":"sk_SK","og_type":"article","og_title":"Na stiahnutie","og_description":"V\u0161etky dokumenty na stiahnutie WIEGEL: bro\u017e\u00fary, log\u00e1, certifik\u00e1ty, technick\u00e9 listy a \u010fal\u0161ie podklady pre va\u0161e projekty \u010di prezent\u00e1cie.","og_url":"https:\/\/wiegel.de\/sk\/na-stiahnutie\/","og_site_name":"WIEGEL","article_modified_time":"2025-05-15T06:49:40+00:00","twitter_card":"summary_large_image","schema":{"@context":"https:\/\/schema.org","@graph":[{"@type":"WebPage","@id":"https:\/\/wiegel.de\/sk\/na-stiahnutie\/","url":"https:\/\/wiegel.de\/sk\/na-stiahnutie\/","name":"Na stiahnutie - WIEGEL","isPartOf":{"@id":"https:\/\/wiegel.de\/#website"},"datePublished":"2024-03-08T12:51:15+00:00","dateModified":"2025-05-15T06:49:40+00:00","description":"V\u0161etky dokumenty na stiahnutie WIEGEL: bro\u017e\u00fary, log\u00e1, certifik\u00e1ty, technick\u00e9 listy a \u010fal\u0161ie podklady pre va\u0161e projekty \u010di prezent\u00e1cie.","breadcrumb":{"@id":"https:\/\/wiegel.de\/sk\/na-stiahnutie\/#breadcrumb"},"inLanguage":"sk-SK","potentialAction":[{"@type":"ReadAction","target":["https:\/\/wiegel.de\/sk\/na-stiahnutie\/"]}]},{"@type":"BreadcrumbList","@id":"https:\/\/wiegel.de\/sk\/na-stiahnutie\/#breadcrumb","itemListElement":[{"@type":"ListItem","position":1,"name":"Start","item":"https:\/\/wiegel.de\/sk\/"},{"@type":"ListItem","position":2,"name":"Na stiahnutie"}]},{"@type":"WebSite","@id":"https:\/\/wiegel.de\/#website","url":"https:\/\/wiegel.de\/","name":"WIEGEL","description":"Feuerverzinken, Beschichten, Gittermastbau, Telekommunikation","potentialAction":[{"@type":"SearchAction","target":{"@type":"EntryPoint","urlTemplate":"https:\/\/wiegel.de\/?s={search_term_string}"},"query-input":{"@type":"PropertyValueSpecification","valueRequired":true,"valueName":"search_term_string"}}],"inLanguage":"sk-SK"}]}},"_links":{"self":[{"href":"https:\/\/wiegel.de\/sk\/wp-json\/wp\/v2\/pages\/16881","targetHints":{"allow":["GET"]}}],"collection":[{"href":"https:\/\/wiegel.de\/sk\/wp-json\/wp\/v2\/pages"}],"about":[{"href":"https:\/\/wiegel.de\/sk\/wp-json\/wp\/v2\/types\/page"}],"author":[{"embeddable":true,"href":"https:\/\/wiegel.de\/sk\/wp-json\/wp\/v2\/users\/14"}],"replies":[{"embeddable":true,"href":"https:\/\/wiegel.de\/sk\/wp-json\/wp\/v2\/comments?post=16881"}],"version-history":[{"count":6,"href":"https:\/\/wiegel.de\/sk\/wp-json\/wp\/v2\/pages\/16881\/revisions"}],"predecessor-version":[{"id":16898,"href":"https:\/\/wiegel.de\/sk\/wp-json\/wp\/v2\/pages\/16881\/revisions\/16898"}],"wp:attachment":[{"href":"https:\/\/wiegel.de\/sk\/wp-json\/wp\/v2\/media?parent=16881"}],"curies":[{"name":"wp","href":"https:\/\/api.w.org\/{rel}","templated":true}]}}