{"id":4637,"date":"2024-03-07T18:34:03","date_gmt":"2024-03-07T17:34:03","guid":{"rendered":"http:\/\/wiegel.de\/?page_id=4637"},"modified":"2026-03-30T15:09:49","modified_gmt":"2026-03-30T13:09:49","slug":"prix-du-zinc","status":"publish","type":"page","link":"https:\/\/wiegel.de\/fr\/prix-du-zinc\/","title":{"rendered":"Prix Du Zinc"},"content":{"rendered":"","protected":false},"excerpt":{"rendered":"","protected":false},"author":15,"featured_media":0,"parent":0,"menu_order":0,"comment_status":"closed","ping_status":"closed","template":"","meta":{"_acf_changed":false,"_relevanssi_hide_post":"","_relevanssi_hide_content":"","_relevanssi_pin_for_all":"","_relevanssi_pin_keywords":"","_relevanssi_unpin_keywords":"","_relevanssi_related_keywords":"","_relevanssi_related_include_ids":"","_relevanssi_related_exclude_ids":"","_relevanssi_related_no_append":"","_relevanssi_related_not_related":"","_relevanssi_related_posts":"","_relevanssi_noindex_reason":"","footnotes":""},"class_list":["post-4637","page","type-page","status-publish","hentry"],"acf":[],"yoast_head":"<!-- This site is optimized with the Yoast SEO Premium plugin v27.1 (Yoast SEO v27.1.1) - https:\/\/yoast.com\/product\/yoast-seo-premium-wordpress\/ -->\n<title>Prix Du Zinc - WIEGEL<\/title>\n<meta name=\"description\" content=\"Le prix du zinc WIEGEL est mis \u00e0 jour r\u00e9guli\u00e8rement : suivez les tendances du march\u00e9 du zinc pour vos besoins industriels en rev\u00eatement et protection de l\u2019acier.\" \/>\n<meta name=\"robots\" content=\"index, follow, max-snippet:-1, max-image-preview:large, max-video-preview:-1\" \/>\n<link rel=\"canonical\" href=\"https:\/\/wiegel.de\/fr\/prix-du-zinc\/\" \/>\n<meta property=\"og:locale\" content=\"fr_FR\" \/>\n<meta property=\"og:type\" content=\"article\" \/>\n<meta property=\"og:title\" content=\"Prix Du Zinc\" \/>\n<meta property=\"og:description\" content=\"Le prix du zinc WIEGEL est mis \u00e0 jour r\u00e9guli\u00e8rement : suivez les tendances du march\u00e9 du zinc pour vos besoins industriels en rev\u00eatement et protection de l\u2019acier.\" \/>\n<meta property=\"og:url\" content=\"https:\/\/wiegel.de\/fr\/prix-du-zinc\/\" \/>\n<meta property=\"og:site_name\" content=\"WIEGEL\" \/>\n<meta property=\"article:modified_time\" content=\"2026-03-30T13:09:49+00:00\" \/>\n<meta property=\"og:image\" content=\"https:\/\/wiegel.de\/wp-content\/uploads\/2024\/03\/Header-Aktuelles-Zinkpreis-2-150x150.jpg\" \/>\n<meta name=\"twitter:card\" content=\"summary_large_image\" \/>\n<script type=\"application\/ld+json\" class=\"yoast-schema-graph\">{\"@context\":\"https:\/\/schema.org\",\"@graph\":[{\"@type\":\"WebPage\",\"@id\":\"https:\/\/wiegel.de\/fr\/prix-du-zinc\/\",\"url\":\"https:\/\/wiegel.de\/fr\/prix-du-zinc\/\",\"name\":\"Prix Du Zinc - WIEGEL\",\"isPartOf\":{\"@id\":\"https:\/\/wiegel.de\/#website\"},\"datePublished\":\"2024-03-07T17:34:03+00:00\",\"dateModified\":\"2026-03-30T13:09:49+00:00\",\"description\":\"Le prix du zinc WIEGEL est mis \u00e0 jour r\u00e9guli\u00e8rement : suivez les tendances du march\u00e9 du zinc pour vos besoins industriels en rev\u00eatement et protection de l\u2019acier.\",\"breadcrumb\":{\"@id\":\"https:\/\/wiegel.de\/fr\/prix-du-zinc\/#breadcrumb\"},\"inLanguage\":\"fr-FR\",\"potentialAction\":[{\"@type\":\"ReadAction\",\"target\":[\"https:\/\/wiegel.de\/fr\/prix-du-zinc\/\"]}]},{\"@type\":\"BreadcrumbList\",\"@id\":\"https:\/\/wiegel.de\/fr\/prix-du-zinc\/#breadcrumb\",\"itemListElement\":[{\"@type\":\"ListItem\",\"position\":1,\"name\":\"Start\",\"item\":\"https:\/\/wiegel.de\/fr\/\"},{\"@type\":\"ListItem\",\"position\":2,\"name\":\"Prix Du Zinc\"}]},{\"@type\":\"WebSite\",\"@id\":\"https:\/\/wiegel.de\/#website\",\"url\":\"https:\/\/wiegel.de\/\",\"name\":\"WIEGEL\",\"description\":\"Feuerverzinken, Beschichten, Gittermastbau, Telekommunikation\",\"potentialAction\":[{\"@type\":\"SearchAction\",\"target\":{\"@type\":\"EntryPoint\",\"urlTemplate\":\"https:\/\/wiegel.de\/?s={search_term_string}\"},\"query-input\":{\"@type\":\"PropertyValueSpecification\",\"valueRequired\":true,\"valueName\":\"search_term_string\"}}],\"inLanguage\":\"fr-FR\"}]}<\/script>\n<!-- \/ Yoast SEO Premium plugin. -->","yoast_head_json":{"title":"Prix Du Zinc - WIEGEL","description":"Le prix du zinc WIEGEL est mis \u00e0 jour r\u00e9guli\u00e8rement : suivez les tendances du march\u00e9 du zinc pour vos besoins industriels en rev\u00eatement et protection de l\u2019acier.","robots":{"index":"index","follow":"follow","max-snippet":"max-snippet:-1","max-image-preview":"max-image-preview:large","max-video-preview":"max-video-preview:-1"},"canonical":"https:\/\/wiegel.de\/fr\/prix-du-zinc\/","og_locale":"fr_FR","og_type":"article","og_title":"Prix Du Zinc","og_description":"Le prix du zinc WIEGEL est mis \u00e0 jour r\u00e9guli\u00e8rement : suivez les tendances du march\u00e9 du zinc pour vos besoins industriels en rev\u00eatement et protection de l\u2019acier.","og_url":"https:\/\/wiegel.de\/fr\/prix-du-zinc\/","og_site_name":"WIEGEL","article_modified_time":"2026-03-30T13:09:49+00:00","og_image":[{"url":"https:\/\/wiegel.de\/wp-content\/uploads\/2024\/03\/Header-Aktuelles-Zinkpreis-2-150x150.jpg","type":"","width":"","height":""}],"twitter_card":"summary_large_image","schema":{"@context":"https:\/\/schema.org","@graph":[{"@type":"WebPage","@id":"https:\/\/wiegel.de\/fr\/prix-du-zinc\/","url":"https:\/\/wiegel.de\/fr\/prix-du-zinc\/","name":"Prix Du Zinc - WIEGEL","isPartOf":{"@id":"https:\/\/wiegel.de\/#website"},"datePublished":"2024-03-07T17:34:03+00:00","dateModified":"2026-03-30T13:09:49+00:00","description":"Le prix du zinc WIEGEL est mis \u00e0 jour r\u00e9guli\u00e8rement : suivez les tendances du march\u00e9 du zinc pour vos besoins industriels en rev\u00eatement et protection de l\u2019acier.","breadcrumb":{"@id":"https:\/\/wiegel.de\/fr\/prix-du-zinc\/#breadcrumb"},"inLanguage":"fr-FR","potentialAction":[{"@type":"ReadAction","target":["https:\/\/wiegel.de\/fr\/prix-du-zinc\/"]}]},{"@type":"BreadcrumbList","@id":"https:\/\/wiegel.de\/fr\/prix-du-zinc\/#breadcrumb","itemListElement":[{"@type":"ListItem","position":1,"name":"Start","item":"https:\/\/wiegel.de\/fr\/"},{"@type":"ListItem","position":2,"name":"Prix Du Zinc"}]},{"@type":"WebSite","@id":"https:\/\/wiegel.de\/#website","url":"https:\/\/wiegel.de\/","name":"WIEGEL","description":"Feuerverzinken, Beschichten, Gittermastbau, Telekommunikation","potentialAction":[{"@type":"SearchAction","target":{"@type":"EntryPoint","urlTemplate":"https:\/\/wiegel.de\/?s={search_term_string}"},"query-input":{"@type":"PropertyValueSpecification","valueRequired":true,"valueName":"search_term_string"}}],"inLanguage":"fr-FR"}]}},"_links":{"self":[{"href":"https:\/\/wiegel.de\/fr\/wp-json\/wp\/v2\/pages\/4637","targetHints":{"allow":["GET"]}}],"collection":[{"href":"https:\/\/wiegel.de\/fr\/wp-json\/wp\/v2\/pages"}],"about":[{"href":"https:\/\/wiegel.de\/fr\/wp-json\/wp\/v2\/types\/page"}],"author":[{"embeddable":true,"href":"https:\/\/wiegel.de\/fr\/wp-json\/wp\/v2\/users\/15"}],"replies":[{"embeddable":true,"href":"https:\/\/wiegel.de\/fr\/wp-json\/wp\/v2\/comments?post=4637"}],"version-history":[{"count":32,"href":"https:\/\/wiegel.de\/fr\/wp-json\/wp\/v2\/pages\/4637\/revisions"}],"predecessor-version":[{"id":32815,"href":"https:\/\/wiegel.de\/fr\/wp-json\/wp\/v2\/pages\/4637\/revisions\/32815"}],"wp:attachment":[{"href":"https:\/\/wiegel.de\/fr\/wp-json\/wp\/v2\/media?parent=4637"}],"curies":[{"name":"wp","href":"https:\/\/api.w.org\/{rel}","templated":true}]}}