{"id":4595,"date":"2024-03-06T09:35:53","date_gmt":"2024-03-06T08:35:53","guid":{"rendered":"http:\/\/wiegel.de\/?page_id=4595"},"modified":"2025-05-15T08:28:56","modified_gmt":"2025-05-15T06:28:56","slug":"sites","status":"publish","type":"page","link":"https:\/\/wiegel.de\/fr\/sites\/","title":{"rendered":"Sites"},"content":{"rendered":"","protected":false},"excerpt":{"rendered":"","protected":false},"author":15,"featured_media":0,"parent":0,"menu_order":0,"comment_status":"closed","ping_status":"closed","template":"","meta":{"_acf_changed":false,"_relevanssi_hide_post":"","_relevanssi_hide_content":"","_relevanssi_pin_for_all":"","_relevanssi_pin_keywords":"","_relevanssi_unpin_keywords":"","_relevanssi_related_keywords":"","_relevanssi_related_include_ids":"","_relevanssi_related_exclude_ids":"","_relevanssi_related_no_append":"","_relevanssi_related_not_related":"","_relevanssi_related_posts":"","_relevanssi_noindex_reason":"","footnotes":""},"class_list":["post-4595","page","type-page","status-publish","hentry"],"acf":[],"yoast_head":"<!-- This site is optimized with the Yoast SEO Premium plugin v27.1 (Yoast SEO v27.1.1) - https:\/\/yoast.com\/product\/yoast-seo-premium-wordpress\/ -->\n<title>Sites - WIEGEL<\/title>\n<meta name=\"description\" content=\"Trouvez tous les sites WIEGEL en France et en Europe : galvanisation, rev\u00eatement, construction de pyl\u00f4nes. Proximit\u00e9, savoir-faire et efficacit\u00e9.\" \/>\n<meta name=\"robots\" content=\"index, follow, max-snippet:-1, max-image-preview:large, max-video-preview:-1\" \/>\n<link rel=\"canonical\" href=\"https:\/\/wiegel.de\/fr\/sites\/\" \/>\n<meta property=\"og:locale\" content=\"fr_FR\" \/>\n<meta property=\"og:type\" content=\"article\" \/>\n<meta property=\"og:title\" content=\"Sites\" \/>\n<meta property=\"og:description\" content=\"Trouvez tous les sites WIEGEL en France et en Europe : galvanisation, rev\u00eatement, construction de pyl\u00f4nes. Proximit\u00e9, savoir-faire et efficacit\u00e9.\" \/>\n<meta property=\"og:url\" content=\"https:\/\/wiegel.de\/fr\/sites\/\" \/>\n<meta property=\"og:site_name\" content=\"WIEGEL\" \/>\n<meta property=\"article:modified_time\" content=\"2025-05-15T06:28:56+00:00\" \/>\n<meta name=\"twitter:card\" content=\"summary_large_image\" \/>\n<script type=\"application\/ld+json\" class=\"yoast-schema-graph\">{\"@context\":\"https:\/\/schema.org\",\"@graph\":[{\"@type\":\"WebPage\",\"@id\":\"https:\/\/wiegel.de\/fr\/sites\/\",\"url\":\"https:\/\/wiegel.de\/fr\/sites\/\",\"name\":\"Sites - WIEGEL\",\"isPartOf\":{\"@id\":\"https:\/\/wiegel.de\/#website\"},\"datePublished\":\"2024-03-06T08:35:53+00:00\",\"dateModified\":\"2025-05-15T06:28:56+00:00\",\"description\":\"Trouvez tous les sites WIEGEL en France et en Europe : galvanisation, rev\u00eatement, construction de pyl\u00f4nes. Proximit\u00e9, savoir-faire et efficacit\u00e9.\",\"breadcrumb\":{\"@id\":\"https:\/\/wiegel.de\/fr\/sites\/#breadcrumb\"},\"inLanguage\":\"fr-FR\",\"potentialAction\":[{\"@type\":\"ReadAction\",\"target\":[\"https:\/\/wiegel.de\/fr\/sites\/\"]}]},{\"@type\":\"BreadcrumbList\",\"@id\":\"https:\/\/wiegel.de\/fr\/sites\/#breadcrumb\",\"itemListElement\":[{\"@type\":\"ListItem\",\"position\":1,\"name\":\"Start\",\"item\":\"https:\/\/wiegel.de\/fr\/\"},{\"@type\":\"ListItem\",\"position\":2,\"name\":\"Sites\"}]},{\"@type\":\"WebSite\",\"@id\":\"https:\/\/wiegel.de\/#website\",\"url\":\"https:\/\/wiegel.de\/\",\"name\":\"WIEGEL\",\"description\":\"Feuerverzinken, Beschichten, Gittermastbau, Telekommunikation\",\"potentialAction\":[{\"@type\":\"SearchAction\",\"target\":{\"@type\":\"EntryPoint\",\"urlTemplate\":\"https:\/\/wiegel.de\/?s={search_term_string}\"},\"query-input\":{\"@type\":\"PropertyValueSpecification\",\"valueRequired\":true,\"valueName\":\"search_term_string\"}}],\"inLanguage\":\"fr-FR\"}]}<\/script>\n<!-- \/ Yoast SEO Premium plugin. -->","yoast_head_json":{"title":"Sites - WIEGEL","description":"Trouvez tous les sites WIEGEL en France et en Europe : galvanisation, rev\u00eatement, construction de pyl\u00f4nes. Proximit\u00e9, savoir-faire et efficacit\u00e9.","robots":{"index":"index","follow":"follow","max-snippet":"max-snippet:-1","max-image-preview":"max-image-preview:large","max-video-preview":"max-video-preview:-1"},"canonical":"https:\/\/wiegel.de\/fr\/sites\/","og_locale":"fr_FR","og_type":"article","og_title":"Sites","og_description":"Trouvez tous les sites WIEGEL en France et en Europe : galvanisation, rev\u00eatement, construction de pyl\u00f4nes. Proximit\u00e9, savoir-faire et efficacit\u00e9.","og_url":"https:\/\/wiegel.de\/fr\/sites\/","og_site_name":"WIEGEL","article_modified_time":"2025-05-15T06:28:56+00:00","twitter_card":"summary_large_image","schema":{"@context":"https:\/\/schema.org","@graph":[{"@type":"WebPage","@id":"https:\/\/wiegel.de\/fr\/sites\/","url":"https:\/\/wiegel.de\/fr\/sites\/","name":"Sites - WIEGEL","isPartOf":{"@id":"https:\/\/wiegel.de\/#website"},"datePublished":"2024-03-06T08:35:53+00:00","dateModified":"2025-05-15T06:28:56+00:00","description":"Trouvez tous les sites WIEGEL en France et en Europe : galvanisation, rev\u00eatement, construction de pyl\u00f4nes. Proximit\u00e9, savoir-faire et efficacit\u00e9.","breadcrumb":{"@id":"https:\/\/wiegel.de\/fr\/sites\/#breadcrumb"},"inLanguage":"fr-FR","potentialAction":[{"@type":"ReadAction","target":["https:\/\/wiegel.de\/fr\/sites\/"]}]},{"@type":"BreadcrumbList","@id":"https:\/\/wiegel.de\/fr\/sites\/#breadcrumb","itemListElement":[{"@type":"ListItem","position":1,"name":"Start","item":"https:\/\/wiegel.de\/fr\/"},{"@type":"ListItem","position":2,"name":"Sites"}]},{"@type":"WebSite","@id":"https:\/\/wiegel.de\/#website","url":"https:\/\/wiegel.de\/","name":"WIEGEL","description":"Feuerverzinken, Beschichten, Gittermastbau, Telekommunikation","potentialAction":[{"@type":"SearchAction","target":{"@type":"EntryPoint","urlTemplate":"https:\/\/wiegel.de\/?s={search_term_string}"},"query-input":{"@type":"PropertyValueSpecification","valueRequired":true,"valueName":"search_term_string"}}],"inLanguage":"fr-FR"}]}},"_links":{"self":[{"href":"https:\/\/wiegel.de\/fr\/wp-json\/wp\/v2\/pages\/4595","targetHints":{"allow":["GET"]}}],"collection":[{"href":"https:\/\/wiegel.de\/fr\/wp-json\/wp\/v2\/pages"}],"about":[{"href":"https:\/\/wiegel.de\/fr\/wp-json\/wp\/v2\/types\/page"}],"author":[{"embeddable":true,"href":"https:\/\/wiegel.de\/fr\/wp-json\/wp\/v2\/users\/15"}],"replies":[{"embeddable":true,"href":"https:\/\/wiegel.de\/fr\/wp-json\/wp\/v2\/comments?post=4595"}],"version-history":[{"count":5,"href":"https:\/\/wiegel.de\/fr\/wp-json\/wp\/v2\/pages\/4595\/revisions"}],"predecessor-version":[{"id":15591,"href":"https:\/\/wiegel.de\/fr\/wp-json\/wp\/v2\/pages\/4595\/revisions\/15591"}],"wp:attachment":[{"href":"https:\/\/wiegel.de\/fr\/wp-json\/wp\/v2\/media?parent=4595"}],"curies":[{"name":"wp","href":"https:\/\/api.w.org\/{rel}","templated":true}]}}