{"id":3574,"date":"2024-03-13T18:30:45","date_gmt":"2024-03-13T17:30:45","guid":{"rendered":"http:\/\/wiegel.de\/?page_id=3574"},"modified":"2025-11-25T15:31:00","modified_gmt":"2025-11-25T14:31:00","slug":"postes-vacants","status":"publish","type":"page","link":"https:\/\/wiegel.de\/fr\/postes-vacants\/","title":{"rendered":"Postes vacants"},"content":{"rendered":"","protected":false},"excerpt":{"rendered":"","protected":false},"author":15,"featured_media":0,"parent":0,"menu_order":0,"comment_status":"closed","ping_status":"closed","template":"","meta":{"_acf_changed":false,"_relevanssi_hide_post":"","_relevanssi_hide_content":"","_relevanssi_pin_for_all":"","_relevanssi_pin_keywords":"","_relevanssi_unpin_keywords":"","_relevanssi_related_keywords":"","_relevanssi_related_include_ids":"","_relevanssi_related_exclude_ids":"","_relevanssi_related_no_append":"","_relevanssi_related_not_related":"","_relevanssi_related_posts":"","_relevanssi_noindex_reason":"","footnotes":""},"class_list":["post-3574","page","type-page","status-publish","hentry"],"acf":[],"yoast_head":"<!-- This site is optimized with the Yoast SEO Premium plugin v27.1 (Yoast SEO v27.1.1) - https:\/\/yoast.com\/product\/yoast-seo-premium-wordpress\/ -->\n<title>Postes vacants - WIEGEL<\/title>\n<meta name=\"description\" content=\"Consultez les postes vacants WIEGEL et rejoignez une entreprise innovante en galvanisation, rev\u00eatement et construction. De vraies opportunit\u00e9s de carri\u00e8re !\" \/>\n<meta name=\"robots\" content=\"index, follow, max-snippet:-1, max-image-preview:large, max-video-preview:-1\" \/>\n<link rel=\"canonical\" href=\"https:\/\/wiegel.de\/fr\/postes-vacants\/\" \/>\n<meta property=\"og:locale\" content=\"fr_FR\" \/>\n<meta property=\"og:type\" content=\"article\" \/>\n<meta property=\"og:title\" content=\"Postes vacants\" \/>\n<meta property=\"og:description\" content=\"Consultez les postes vacants WIEGEL et rejoignez une entreprise innovante en galvanisation, rev\u00eatement et construction. De vraies opportunit\u00e9s de carri\u00e8re !\" \/>\n<meta property=\"og:url\" content=\"https:\/\/wiegel.de\/fr\/postes-vacants\/\" \/>\n<meta property=\"og:site_name\" content=\"WIEGEL\" \/>\n<meta property=\"article:modified_time\" content=\"2025-11-25T14:31:00+00:00\" \/>\n<meta property=\"og:image\" content=\"https:\/\/wiegel.de\/wp-content\/uploads\/2025\/11\/WIEGEL-W-im-Zink-150x150.jpg\" \/>\n<meta name=\"twitter:card\" content=\"summary_large_image\" \/>\n<script type=\"application\/ld+json\" class=\"yoast-schema-graph\">{\"@context\":\"https:\/\/schema.org\",\"@graph\":[{\"@type\":\"WebPage\",\"@id\":\"https:\/\/wiegel.de\/fr\/postes-vacants\/\",\"url\":\"https:\/\/wiegel.de\/fr\/postes-vacants\/\",\"name\":\"Postes vacants - WIEGEL\",\"isPartOf\":{\"@id\":\"https:\/\/wiegel.de\/#website\"},\"datePublished\":\"2024-03-13T17:30:45+00:00\",\"dateModified\":\"2025-11-25T14:31:00+00:00\",\"description\":\"Consultez les postes vacants WIEGEL et rejoignez une entreprise innovante en galvanisation, rev\u00eatement et construction. De vraies opportunit\u00e9s de carri\u00e8re !\",\"breadcrumb\":{\"@id\":\"https:\/\/wiegel.de\/fr\/postes-vacants\/#breadcrumb\"},\"inLanguage\":\"fr-FR\",\"potentialAction\":[{\"@type\":\"ReadAction\",\"target\":[\"https:\/\/wiegel.de\/fr\/postes-vacants\/\"]}]},{\"@type\":\"BreadcrumbList\",\"@id\":\"https:\/\/wiegel.de\/fr\/postes-vacants\/#breadcrumb\",\"itemListElement\":[{\"@type\":\"ListItem\",\"position\":1,\"name\":\"Start\",\"item\":\"https:\/\/wiegel.de\/fr\/\"},{\"@type\":\"ListItem\",\"position\":2,\"name\":\"Postes vacants\"}]},{\"@type\":\"WebSite\",\"@id\":\"https:\/\/wiegel.de\/#website\",\"url\":\"https:\/\/wiegel.de\/\",\"name\":\"WIEGEL\",\"description\":\"Feuerverzinken, Beschichten, Gittermastbau, Telekommunikation\",\"potentialAction\":[{\"@type\":\"SearchAction\",\"target\":{\"@type\":\"EntryPoint\",\"urlTemplate\":\"https:\/\/wiegel.de\/?s={search_term_string}\"},\"query-input\":{\"@type\":\"PropertyValueSpecification\",\"valueRequired\":true,\"valueName\":\"search_term_string\"}}],\"inLanguage\":\"fr-FR\"}]}<\/script>\n<!-- \/ Yoast SEO Premium plugin. -->","yoast_head_json":{"title":"Postes vacants - WIEGEL","description":"Consultez les postes vacants WIEGEL et rejoignez une entreprise innovante en galvanisation, rev\u00eatement et construction. De vraies opportunit\u00e9s de carri\u00e8re !","robots":{"index":"index","follow":"follow","max-snippet":"max-snippet:-1","max-image-preview":"max-image-preview:large","max-video-preview":"max-video-preview:-1"},"canonical":"https:\/\/wiegel.de\/fr\/postes-vacants\/","og_locale":"fr_FR","og_type":"article","og_title":"Postes vacants","og_description":"Consultez les postes vacants WIEGEL et rejoignez une entreprise innovante en galvanisation, rev\u00eatement et construction. De vraies opportunit\u00e9s de carri\u00e8re !","og_url":"https:\/\/wiegel.de\/fr\/postes-vacants\/","og_site_name":"WIEGEL","article_modified_time":"2025-11-25T14:31:00+00:00","og_image":[{"url":"https:\/\/wiegel.de\/wp-content\/uploads\/2025\/11\/WIEGEL-W-im-Zink-150x150.jpg","type":"","width":"","height":""}],"twitter_card":"summary_large_image","schema":{"@context":"https:\/\/schema.org","@graph":[{"@type":"WebPage","@id":"https:\/\/wiegel.de\/fr\/postes-vacants\/","url":"https:\/\/wiegel.de\/fr\/postes-vacants\/","name":"Postes vacants - WIEGEL","isPartOf":{"@id":"https:\/\/wiegel.de\/#website"},"datePublished":"2024-03-13T17:30:45+00:00","dateModified":"2025-11-25T14:31:00+00:00","description":"Consultez les postes vacants WIEGEL et rejoignez une entreprise innovante en galvanisation, rev\u00eatement et construction. De vraies opportunit\u00e9s de carri\u00e8re !","breadcrumb":{"@id":"https:\/\/wiegel.de\/fr\/postes-vacants\/#breadcrumb"},"inLanguage":"fr-FR","potentialAction":[{"@type":"ReadAction","target":["https:\/\/wiegel.de\/fr\/postes-vacants\/"]}]},{"@type":"BreadcrumbList","@id":"https:\/\/wiegel.de\/fr\/postes-vacants\/#breadcrumb","itemListElement":[{"@type":"ListItem","position":1,"name":"Start","item":"https:\/\/wiegel.de\/fr\/"},{"@type":"ListItem","position":2,"name":"Postes vacants"}]},{"@type":"WebSite","@id":"https:\/\/wiegel.de\/#website","url":"https:\/\/wiegel.de\/","name":"WIEGEL","description":"Feuerverzinken, Beschichten, Gittermastbau, Telekommunikation","potentialAction":[{"@type":"SearchAction","target":{"@type":"EntryPoint","urlTemplate":"https:\/\/wiegel.de\/?s={search_term_string}"},"query-input":{"@type":"PropertyValueSpecification","valueRequired":true,"valueName":"search_term_string"}}],"inLanguage":"fr-FR"}]}},"_links":{"self":[{"href":"https:\/\/wiegel.de\/fr\/wp-json\/wp\/v2\/pages\/3574","targetHints":{"allow":["GET"]}}],"collection":[{"href":"https:\/\/wiegel.de\/fr\/wp-json\/wp\/v2\/pages"}],"about":[{"href":"https:\/\/wiegel.de\/fr\/wp-json\/wp\/v2\/types\/page"}],"author":[{"embeddable":true,"href":"https:\/\/wiegel.de\/fr\/wp-json\/wp\/v2\/users\/15"}],"replies":[{"embeddable":true,"href":"https:\/\/wiegel.de\/fr\/wp-json\/wp\/v2\/comments?post=3574"}],"version-history":[{"count":8,"href":"https:\/\/wiegel.de\/fr\/wp-json\/wp\/v2\/pages\/3574\/revisions"}],"predecessor-version":[{"id":29355,"href":"https:\/\/wiegel.de\/fr\/wp-json\/wp\/v2\/pages\/3574\/revisions\/29355"}],"wp:attachment":[{"href":"https:\/\/wiegel.de\/fr\/wp-json\/wp\/v2\/media?parent=3574"}],"curies":[{"name":"wp","href":"https:\/\/api.w.org\/{rel}","templated":true}]}}