{"id":4660,"date":"2024-03-06T17:14:16","date_gmt":"2024-03-06T16:14:16","guid":{"rendered":"http:\/\/wiegel.de\/?page_id=4660"},"modified":"2025-04-23T14:14:54","modified_gmt":"2025-04-23T12:14:54","slug":"zpetne-vyuziti-zbytkoveho-tepla-pri-vytapeni-zinkovaci-vany","status":"publish","type":"page","link":"https:\/\/wiegel.de\/cs\/ochrana-zivotniho-prostredi-a-udrzitelnost\/zpetne-vyuziti-zbytkoveho-tepla-pri-vytapeni-zinkovaci-vany\/","title":{"rendered":"Zp\u011btn\u00e9 vyu\u017eit\u00ed zbytkov\u00e9ho tepla p\u0159i vyt\u00e1p\u011bn\u00ed zinkovac\u00ed vany"},"content":{"rendered":"","protected":false},"excerpt":{"rendered":"","protected":false},"author":15,"featured_media":0,"parent":4665,"menu_order":0,"comment_status":"closed","ping_status":"closed","template":"","meta":{"_acf_changed":false,"_relevanssi_hide_post":"","_relevanssi_hide_content":"","_relevanssi_pin_for_all":"","_relevanssi_pin_keywords":"","_relevanssi_unpin_keywords":"","_relevanssi_related_keywords":"","_relevanssi_related_include_ids":"","_relevanssi_related_exclude_ids":"","_relevanssi_related_no_append":"","_relevanssi_related_not_related":"","_relevanssi_related_posts":"","_relevanssi_noindex_reason":"","footnotes":""},"class_list":["post-4660","page","type-page","status-publish","hentry"],"acf":[],"yoast_head":"<!-- This site is optimized with the Yoast SEO Premium plugin v27.1 (Yoast SEO v27.1.1) - https:\/\/yoast.com\/product\/yoast-seo-premium-wordpress\/ -->\n<title>Zp\u011btn\u00e9 vyu\u017eit\u00ed zbytkov\u00e9ho tepla p\u0159i vyt\u00e1p\u011bn\u00ed zinkovac\u00ed vany - WIEGEL<\/title>\n<meta name=\"description\" content=\"WIEGEL \u010cesk\u00e1 republika vyu\u017e\u00edv\u00e1 zbytkov\u00e9 teplo ze zinkovac\u00ed vany \u2013 \u0159e\u0161en\u00ed pro \u00fasporu energie, sn\u00ed\u017een\u00ed emis\u00ed a trvale udr\u017eiteln\u00e9 zpracov\u00e1n\u00ed oceli.\" \/>\n<meta name=\"robots\" content=\"index, follow, max-snippet:-1, max-image-preview:large, max-video-preview:-1\" \/>\n<link rel=\"canonical\" href=\"https:\/\/wiegel.de\/umweltschutz-und-nachhaltigkeit\/abwaermerueckgewinnung-am-zinkkessel\/\" \/>\n<meta property=\"og:locale\" content=\"cs_CZ\" \/>\n<meta property=\"og:type\" content=\"article\" \/>\n<meta property=\"og:title\" content=\"Zp\u011btn\u00e9 vyu\u017eit\u00ed zbytkov\u00e9ho tepla p\u0159i vyt\u00e1p\u011bn\u00ed zinkovac\u00ed vany\" \/>\n<meta property=\"og:description\" content=\"WIEGEL \u010cesk\u00e1 republika vyu\u017e\u00edv\u00e1 zbytkov\u00e9 teplo ze zinkovac\u00ed vany \u2013 \u0159e\u0161en\u00ed pro \u00fasporu energie, sn\u00ed\u017een\u00ed emis\u00ed a trvale udr\u017eiteln\u00e9 zpracov\u00e1n\u00ed oceli.\" \/>\n<meta property=\"og:url\" content=\"https:\/\/wiegel.de\/umweltschutz-und-nachhaltigkeit\/abwaermerueckgewinnung-am-zinkkessel\/\" \/>\n<meta property=\"og:site_name\" content=\"WIEGEL\" \/>\n<meta property=\"article:modified_time\" content=\"2025-04-23T12:14:54+00:00\" \/>\n<meta property=\"og:image\" content=\"https:\/\/wiegel.de\/wp-content\/uploads\/2024\/03\/Abwaermerueckgewinnung-am-Zinkkessel-150x150.png\" \/>\n<meta name=\"twitter:card\" content=\"summary_large_image\" \/>\n<script type=\"application\/ld+json\" class=\"yoast-schema-graph\">{\"@context\":\"https:\/\/schema.org\",\"@graph\":[{\"@type\":\"WebPage\",\"@id\":\"https:\/\/wiegel.de\/umweltschutz-und-nachhaltigkeit\/abwaermerueckgewinnung-am-zinkkessel\/\",\"url\":\"https:\/\/wiegel.de\/umweltschutz-und-nachhaltigkeit\/abwaermerueckgewinnung-am-zinkkessel\/\",\"name\":\"Zp\u011btn\u00e9 vyu\u017eit\u00ed zbytkov\u00e9ho tepla p\u0159i vyt\u00e1p\u011bn\u00ed zinkovac\u00ed vany - WIEGEL\",\"isPartOf\":{\"@id\":\"https:\/\/wiegel.de\/#website\"},\"datePublished\":\"2024-03-06T16:14:16+00:00\",\"dateModified\":\"2025-04-23T12:14:54+00:00\",\"description\":\"WIEGEL \u010cesk\u00e1 republika vyu\u017e\u00edv\u00e1 zbytkov\u00e9 teplo ze zinkovac\u00ed vany \u2013 \u0159e\u0161en\u00ed pro \u00fasporu energie, sn\u00ed\u017een\u00ed emis\u00ed a trvale udr\u017eiteln\u00e9 zpracov\u00e1n\u00ed oceli.\",\"breadcrumb\":{\"@id\":\"https:\/\/wiegel.de\/umweltschutz-und-nachhaltigkeit\/abwaermerueckgewinnung-am-zinkkessel\/#breadcrumb\"},\"inLanguage\":\"cs\",\"potentialAction\":[{\"@type\":\"ReadAction\",\"target\":[\"https:\/\/wiegel.de\/umweltschutz-und-nachhaltigkeit\/abwaermerueckgewinnung-am-zinkkessel\/\"]}]},{\"@type\":\"BreadcrumbList\",\"@id\":\"https:\/\/wiegel.de\/umweltschutz-und-nachhaltigkeit\/abwaermerueckgewinnung-am-zinkkessel\/#breadcrumb\",\"itemListElement\":[{\"@type\":\"ListItem\",\"position\":1,\"name\":\"Start\",\"item\":\"https:\/\/wiegel.de\/cs\/\"},{\"@type\":\"ListItem\",\"position\":2,\"name\":\"Ochrana \u017eivotn\u00edho prost\u0159ed\u00ed a udr\u017eitelnost\",\"item\":\"https:\/\/wiegel.de\/cs\/ochrana-zivotniho-prostredi-a-udrzitelnost\/\"},{\"@type\":\"ListItem\",\"position\":3,\"name\":\"Zp\u011btn\u00e9 vyu\u017eit\u00ed zbytkov\u00e9ho tepla p\u0159i vyt\u00e1p\u011bn\u00ed zinkovac\u00ed vany\"}]},{\"@type\":\"WebSite\",\"@id\":\"https:\/\/wiegel.de\/#website\",\"url\":\"https:\/\/wiegel.de\/\",\"name\":\"WIEGEL\",\"description\":\"Feuerverzinken, Beschichten, Gittermastbau, Telekommunikation\",\"potentialAction\":[{\"@type\":\"SearchAction\",\"target\":{\"@type\":\"EntryPoint\",\"urlTemplate\":\"https:\/\/wiegel.de\/?s={search_term_string}\"},\"query-input\":{\"@type\":\"PropertyValueSpecification\",\"valueRequired\":true,\"valueName\":\"search_term_string\"}}],\"inLanguage\":\"cs\"}]}<\/script>\n<!-- \/ Yoast SEO Premium plugin. -->","yoast_head_json":{"title":"Zp\u011btn\u00e9 vyu\u017eit\u00ed zbytkov\u00e9ho tepla p\u0159i vyt\u00e1p\u011bn\u00ed zinkovac\u00ed vany - WIEGEL","description":"WIEGEL \u010cesk\u00e1 republika vyu\u017e\u00edv\u00e1 zbytkov\u00e9 teplo ze zinkovac\u00ed vany \u2013 \u0159e\u0161en\u00ed pro \u00fasporu energie, sn\u00ed\u017een\u00ed emis\u00ed a trvale udr\u017eiteln\u00e9 zpracov\u00e1n\u00ed oceli.","robots":{"index":"index","follow":"follow","max-snippet":"max-snippet:-1","max-image-preview":"max-image-preview:large","max-video-preview":"max-video-preview:-1"},"canonical":"https:\/\/wiegel.de\/umweltschutz-und-nachhaltigkeit\/abwaermerueckgewinnung-am-zinkkessel\/","og_locale":"cs_CZ","og_type":"article","og_title":"Zp\u011btn\u00e9 vyu\u017eit\u00ed zbytkov\u00e9ho tepla p\u0159i vyt\u00e1p\u011bn\u00ed zinkovac\u00ed vany","og_description":"WIEGEL \u010cesk\u00e1 republika vyu\u017e\u00edv\u00e1 zbytkov\u00e9 teplo ze zinkovac\u00ed vany \u2013 \u0159e\u0161en\u00ed pro \u00fasporu energie, sn\u00ed\u017een\u00ed emis\u00ed a trvale udr\u017eiteln\u00e9 zpracov\u00e1n\u00ed oceli.","og_url":"https:\/\/wiegel.de\/umweltschutz-und-nachhaltigkeit\/abwaermerueckgewinnung-am-zinkkessel\/","og_site_name":"WIEGEL","article_modified_time":"2025-04-23T12:14:54+00:00","og_image":[{"url":"https:\/\/wiegel.de\/wp-content\/uploads\/2024\/03\/Abwaermerueckgewinnung-am-Zinkkessel-150x150.png","type":"","width":"","height":""}],"twitter_card":"summary_large_image","schema":{"@context":"https:\/\/schema.org","@graph":[{"@type":"WebPage","@id":"https:\/\/wiegel.de\/umweltschutz-und-nachhaltigkeit\/abwaermerueckgewinnung-am-zinkkessel\/","url":"https:\/\/wiegel.de\/umweltschutz-und-nachhaltigkeit\/abwaermerueckgewinnung-am-zinkkessel\/","name":"Zp\u011btn\u00e9 vyu\u017eit\u00ed zbytkov\u00e9ho tepla p\u0159i vyt\u00e1p\u011bn\u00ed zinkovac\u00ed vany - WIEGEL","isPartOf":{"@id":"https:\/\/wiegel.de\/#website"},"datePublished":"2024-03-06T16:14:16+00:00","dateModified":"2025-04-23T12:14:54+00:00","description":"WIEGEL \u010cesk\u00e1 republika vyu\u017e\u00edv\u00e1 zbytkov\u00e9 teplo ze zinkovac\u00ed vany \u2013 \u0159e\u0161en\u00ed pro \u00fasporu energie, sn\u00ed\u017een\u00ed emis\u00ed a trvale udr\u017eiteln\u00e9 zpracov\u00e1n\u00ed oceli.","breadcrumb":{"@id":"https:\/\/wiegel.de\/umweltschutz-und-nachhaltigkeit\/abwaermerueckgewinnung-am-zinkkessel\/#breadcrumb"},"inLanguage":"cs","potentialAction":[{"@type":"ReadAction","target":["https:\/\/wiegel.de\/umweltschutz-und-nachhaltigkeit\/abwaermerueckgewinnung-am-zinkkessel\/"]}]},{"@type":"BreadcrumbList","@id":"https:\/\/wiegel.de\/umweltschutz-und-nachhaltigkeit\/abwaermerueckgewinnung-am-zinkkessel\/#breadcrumb","itemListElement":[{"@type":"ListItem","position":1,"name":"Start","item":"https:\/\/wiegel.de\/cs\/"},{"@type":"ListItem","position":2,"name":"Ochrana \u017eivotn\u00edho prost\u0159ed\u00ed a udr\u017eitelnost","item":"https:\/\/wiegel.de\/cs\/ochrana-zivotniho-prostredi-a-udrzitelnost\/"},{"@type":"ListItem","position":3,"name":"Zp\u011btn\u00e9 vyu\u017eit\u00ed zbytkov\u00e9ho tepla p\u0159i vyt\u00e1p\u011bn\u00ed zinkovac\u00ed vany"}]},{"@type":"WebSite","@id":"https:\/\/wiegel.de\/#website","url":"https:\/\/wiegel.de\/","name":"WIEGEL","description":"Feuerverzinken, Beschichten, Gittermastbau, Telekommunikation","potentialAction":[{"@type":"SearchAction","target":{"@type":"EntryPoint","urlTemplate":"https:\/\/wiegel.de\/?s={search_term_string}"},"query-input":{"@type":"PropertyValueSpecification","valueRequired":true,"valueName":"search_term_string"}}],"inLanguage":"cs"}]}},"_links":{"self":[{"href":"https:\/\/wiegel.de\/cs\/wp-json\/wp\/v2\/pages\/4660","targetHints":{"allow":["GET"]}}],"collection":[{"href":"https:\/\/wiegel.de\/cs\/wp-json\/wp\/v2\/pages"}],"about":[{"href":"https:\/\/wiegel.de\/cs\/wp-json\/wp\/v2\/types\/page"}],"author":[{"embeddable":true,"href":"https:\/\/wiegel.de\/cs\/wp-json\/wp\/v2\/users\/15"}],"replies":[{"embeddable":true,"href":"https:\/\/wiegel.de\/cs\/wp-json\/wp\/v2\/comments?post=4660"}],"version-history":[{"count":4,"href":"https:\/\/wiegel.de\/cs\/wp-json\/wp\/v2\/pages\/4660\/revisions"}],"predecessor-version":[{"id":12210,"href":"https:\/\/wiegel.de\/cs\/wp-json\/wp\/v2\/pages\/4660\/revisions\/12210"}],"up":[{"embeddable":true,"href":"https:\/\/wiegel.de\/cs\/wp-json\/wp\/v2\/pages\/4665"}],"wp:attachment":[{"href":"https:\/\/wiegel.de\/cs\/wp-json\/wp\/v2\/media?parent=4660"}],"curies":[{"name":"wp","href":"https:\/\/api.w.org\/{rel}","templated":true}]}}