{"id":4647,"date":"2024-03-06T16:26:39","date_gmt":"2024-03-06T15:26:39","guid":{"rendered":"http:\/\/wiegel.de\/?page_id=4647"},"modified":"2025-05-13T15:41:25","modified_gmt":"2025-05-13T13:41:25","slug":"cisteni-odpadniho-vzduchu-ze-zinkovaci-linky","status":"publish","type":"page","link":"https:\/\/wiegel.de\/cs\/ochrana-zivotniho-prostredi-a-udrzitelnost\/cisteni-odpadniho-vzduchu-ze-zinkovaci-linky\/","title":{"rendered":"\u010ci\u0161t\u011bn\u00ed odpadn\u00edho vzduchu ze zinkovac\u00ed linky"},"content":{"rendered":"","protected":false},"excerpt":{"rendered":"","protected":false},"author":15,"featured_media":0,"parent":4665,"menu_order":0,"comment_status":"closed","ping_status":"closed","template":"","meta":{"_acf_changed":false,"_relevanssi_hide_post":"","_relevanssi_hide_content":"","_relevanssi_pin_for_all":"","_relevanssi_pin_keywords":"","_relevanssi_unpin_keywords":"","_relevanssi_related_keywords":"","_relevanssi_related_include_ids":"","_relevanssi_related_exclude_ids":"","_relevanssi_related_no_append":"","_relevanssi_related_not_related":"","_relevanssi_related_posts":"","_relevanssi_noindex_reason":"","footnotes":""},"class_list":["post-4647","page","type-page","status-publish","hentry"],"acf":[],"yoast_head":"<!-- This site is optimized with the Yoast SEO Premium plugin v27.1 (Yoast SEO v27.1.1) - https:\/\/yoast.com\/product\/yoast-seo-premium-wordpress\/ -->\n<title>\u010ci\u0161t\u011bn\u00ed odpadn\u00edho vzduchu ze zinkovac\u00ed linky - WIEGEL<\/title>\n<meta name=\"description\" content=\"\u010ci\u0161t\u011bn\u00ed odpadn\u00edho vzduchu WIEGEL: Modern\u00ed filtrace emis\u00ed z provozu zinkoven \u2013 \u00fa\u010dinn\u00e1 ochrana \u017eivotn\u00edho prost\u0159ed\u00ed a zdrav\u00ed.\" \/>\n<meta name=\"robots\" content=\"index, follow, max-snippet:-1, max-image-preview:large, max-video-preview:-1\" \/>\n<link rel=\"canonical\" href=\"https:\/\/wiegel.de\/umweltschutz-und-nachhaltigkeit\/abluftreinigung-der-verzinkungslinie-vzl\/\" \/>\n<meta property=\"og:locale\" content=\"cs_CZ\" \/>\n<meta property=\"og:type\" content=\"article\" \/>\n<meta property=\"og:title\" content=\"\u010ci\u0161t\u011bn\u00ed odpadn\u00edho vzduchu ze zinkovac\u00ed linky\" \/>\n<meta property=\"og:description\" content=\"\u010ci\u0161t\u011bn\u00ed odpadn\u00edho vzduchu WIEGEL: Modern\u00ed filtrace emis\u00ed z provozu zinkoven \u2013 \u00fa\u010dinn\u00e1 ochrana \u017eivotn\u00edho prost\u0159ed\u00ed a zdrav\u00ed.\" \/>\n<meta property=\"og:url\" content=\"https:\/\/wiegel.de\/umweltschutz-und-nachhaltigkeit\/abluftreinigung-der-verzinkungslinie-vzl\/\" \/>\n<meta property=\"og:site_name\" content=\"WIEGEL\" \/>\n<meta property=\"article:modified_time\" content=\"2025-05-13T13:41:25+00:00\" \/>\n<meta property=\"og:image\" content=\"https:\/\/wiegel.de\/wp-content\/uploads\/2024\/04\/csm_wgl_Zivotniho_ZinkovaciLinky_1_Neutralni_43d9df3702-150x150.png\" \/>\n<meta name=\"twitter:card\" content=\"summary_large_image\" \/>\n<script type=\"application\/ld+json\" class=\"yoast-schema-graph\">{\"@context\":\"https:\/\/schema.org\",\"@graph\":[{\"@type\":\"WebPage\",\"@id\":\"https:\/\/wiegel.de\/umweltschutz-und-nachhaltigkeit\/abluftreinigung-der-verzinkungslinie-vzl\/\",\"url\":\"https:\/\/wiegel.de\/umweltschutz-und-nachhaltigkeit\/abluftreinigung-der-verzinkungslinie-vzl\/\",\"name\":\"\u010ci\u0161t\u011bn\u00ed odpadn\u00edho vzduchu ze zinkovac\u00ed linky - WIEGEL\",\"isPartOf\":{\"@id\":\"https:\/\/wiegel.de\/#website\"},\"datePublished\":\"2024-03-06T15:26:39+00:00\",\"dateModified\":\"2025-05-13T13:41:25+00:00\",\"description\":\"\u010ci\u0161t\u011bn\u00ed odpadn\u00edho vzduchu WIEGEL: Modern\u00ed filtrace emis\u00ed z provozu zinkoven \u2013 \u00fa\u010dinn\u00e1 ochrana \u017eivotn\u00edho prost\u0159ed\u00ed a zdrav\u00ed.\",\"breadcrumb\":{\"@id\":\"https:\/\/wiegel.de\/umweltschutz-und-nachhaltigkeit\/abluftreinigung-der-verzinkungslinie-vzl\/#breadcrumb\"},\"inLanguage\":\"cs\",\"potentialAction\":[{\"@type\":\"ReadAction\",\"target\":[\"https:\/\/wiegel.de\/umweltschutz-und-nachhaltigkeit\/abluftreinigung-der-verzinkungslinie-vzl\/\"]}]},{\"@type\":\"BreadcrumbList\",\"@id\":\"https:\/\/wiegel.de\/umweltschutz-und-nachhaltigkeit\/abluftreinigung-der-verzinkungslinie-vzl\/#breadcrumb\",\"itemListElement\":[{\"@type\":\"ListItem\",\"position\":1,\"name\":\"Start\",\"item\":\"https:\/\/wiegel.de\/cs\/\"},{\"@type\":\"ListItem\",\"position\":2,\"name\":\"Ochrana \u017eivotn\u00edho prost\u0159ed\u00ed a udr\u017eitelnost\",\"item\":\"https:\/\/wiegel.de\/cs\/ochrana-zivotniho-prostredi-a-udrzitelnost\/\"},{\"@type\":\"ListItem\",\"position\":3,\"name\":\"\u010ci\u0161t\u011bn\u00ed odpadn\u00edho vzduchu ze zinkovac\u00ed linky\"}]},{\"@type\":\"WebSite\",\"@id\":\"https:\/\/wiegel.de\/#website\",\"url\":\"https:\/\/wiegel.de\/\",\"name\":\"WIEGEL\",\"description\":\"Feuerverzinken, Beschichten, Gittermastbau, Telekommunikation\",\"potentialAction\":[{\"@type\":\"SearchAction\",\"target\":{\"@type\":\"EntryPoint\",\"urlTemplate\":\"https:\/\/wiegel.de\/?s={search_term_string}\"},\"query-input\":{\"@type\":\"PropertyValueSpecification\",\"valueRequired\":true,\"valueName\":\"search_term_string\"}}],\"inLanguage\":\"cs\"}]}<\/script>\n<!-- \/ Yoast SEO Premium plugin. -->","yoast_head_json":{"title":"\u010ci\u0161t\u011bn\u00ed odpadn\u00edho vzduchu ze zinkovac\u00ed linky - WIEGEL","description":"\u010ci\u0161t\u011bn\u00ed odpadn\u00edho vzduchu WIEGEL: Modern\u00ed filtrace emis\u00ed z provozu zinkoven \u2013 \u00fa\u010dinn\u00e1 ochrana \u017eivotn\u00edho prost\u0159ed\u00ed a zdrav\u00ed.","robots":{"index":"index","follow":"follow","max-snippet":"max-snippet:-1","max-image-preview":"max-image-preview:large","max-video-preview":"max-video-preview:-1"},"canonical":"https:\/\/wiegel.de\/umweltschutz-und-nachhaltigkeit\/abluftreinigung-der-verzinkungslinie-vzl\/","og_locale":"cs_CZ","og_type":"article","og_title":"\u010ci\u0161t\u011bn\u00ed odpadn\u00edho vzduchu ze zinkovac\u00ed linky","og_description":"\u010ci\u0161t\u011bn\u00ed odpadn\u00edho vzduchu WIEGEL: Modern\u00ed filtrace emis\u00ed z provozu zinkoven \u2013 \u00fa\u010dinn\u00e1 ochrana \u017eivotn\u00edho prost\u0159ed\u00ed a zdrav\u00ed.","og_url":"https:\/\/wiegel.de\/umweltschutz-und-nachhaltigkeit\/abluftreinigung-der-verzinkungslinie-vzl\/","og_site_name":"WIEGEL","article_modified_time":"2025-05-13T13:41:25+00:00","og_image":[{"url":"https:\/\/wiegel.de\/wp-content\/uploads\/2024\/04\/csm_wgl_Zivotniho_ZinkovaciLinky_1_Neutralni_43d9df3702-150x150.png","type":"","width":"","height":""}],"twitter_card":"summary_large_image","schema":{"@context":"https:\/\/schema.org","@graph":[{"@type":"WebPage","@id":"https:\/\/wiegel.de\/umweltschutz-und-nachhaltigkeit\/abluftreinigung-der-verzinkungslinie-vzl\/","url":"https:\/\/wiegel.de\/umweltschutz-und-nachhaltigkeit\/abluftreinigung-der-verzinkungslinie-vzl\/","name":"\u010ci\u0161t\u011bn\u00ed odpadn\u00edho vzduchu ze zinkovac\u00ed linky - WIEGEL","isPartOf":{"@id":"https:\/\/wiegel.de\/#website"},"datePublished":"2024-03-06T15:26:39+00:00","dateModified":"2025-05-13T13:41:25+00:00","description":"\u010ci\u0161t\u011bn\u00ed odpadn\u00edho vzduchu WIEGEL: Modern\u00ed filtrace emis\u00ed z provozu zinkoven \u2013 \u00fa\u010dinn\u00e1 ochrana \u017eivotn\u00edho prost\u0159ed\u00ed a zdrav\u00ed.","breadcrumb":{"@id":"https:\/\/wiegel.de\/umweltschutz-und-nachhaltigkeit\/abluftreinigung-der-verzinkungslinie-vzl\/#breadcrumb"},"inLanguage":"cs","potentialAction":[{"@type":"ReadAction","target":["https:\/\/wiegel.de\/umweltschutz-und-nachhaltigkeit\/abluftreinigung-der-verzinkungslinie-vzl\/"]}]},{"@type":"BreadcrumbList","@id":"https:\/\/wiegel.de\/umweltschutz-und-nachhaltigkeit\/abluftreinigung-der-verzinkungslinie-vzl\/#breadcrumb","itemListElement":[{"@type":"ListItem","position":1,"name":"Start","item":"https:\/\/wiegel.de\/cs\/"},{"@type":"ListItem","position":2,"name":"Ochrana \u017eivotn\u00edho prost\u0159ed\u00ed a udr\u017eitelnost","item":"https:\/\/wiegel.de\/cs\/ochrana-zivotniho-prostredi-a-udrzitelnost\/"},{"@type":"ListItem","position":3,"name":"\u010ci\u0161t\u011bn\u00ed odpadn\u00edho vzduchu ze zinkovac\u00ed linky"}]},{"@type":"WebSite","@id":"https:\/\/wiegel.de\/#website","url":"https:\/\/wiegel.de\/","name":"WIEGEL","description":"Feuerverzinken, Beschichten, Gittermastbau, Telekommunikation","potentialAction":[{"@type":"SearchAction","target":{"@type":"EntryPoint","urlTemplate":"https:\/\/wiegel.de\/?s={search_term_string}"},"query-input":{"@type":"PropertyValueSpecification","valueRequired":true,"valueName":"search_term_string"}}],"inLanguage":"cs"}]}},"_links":{"self":[{"href":"https:\/\/wiegel.de\/cs\/wp-json\/wp\/v2\/pages\/4647","targetHints":{"allow":["GET"]}}],"collection":[{"href":"https:\/\/wiegel.de\/cs\/wp-json\/wp\/v2\/pages"}],"about":[{"href":"https:\/\/wiegel.de\/cs\/wp-json\/wp\/v2\/types\/page"}],"author":[{"embeddable":true,"href":"https:\/\/wiegel.de\/cs\/wp-json\/wp\/v2\/users\/15"}],"replies":[{"embeddable":true,"href":"https:\/\/wiegel.de\/cs\/wp-json\/wp\/v2\/comments?post=4647"}],"version-history":[{"count":6,"href":"https:\/\/wiegel.de\/cs\/wp-json\/wp\/v2\/pages\/4647\/revisions"}],"predecessor-version":[{"id":12241,"href":"https:\/\/wiegel.de\/cs\/wp-json\/wp\/v2\/pages\/4647\/revisions\/12241"}],"up":[{"embeddable":true,"href":"https:\/\/wiegel.de\/cs\/wp-json\/wp\/v2\/pages\/4665"}],"wp:attachment":[{"href":"https:\/\/wiegel.de\/cs\/wp-json\/wp\/v2\/media?parent=4647"}],"curies":[{"name":"wp","href":"https:\/\/api.w.org\/{rel}","templated":true}]}}