{"id":4588,"date":"2024-03-06T09:35:53","date_gmt":"2024-03-06T08:35:53","guid":{"rendered":"http:\/\/wiegel.de\/?page_id=4588"},"modified":"2025-05-13T15:31:21","modified_gmt":"2025-05-13T13:31:21","slug":"nase-pobocky","status":"publish","type":"page","link":"https:\/\/wiegel.de\/cs\/nase-pobocky\/","title":{"rendered":"Na\u0161e pobo\u010dky"},"content":{"rendered":"","protected":false},"excerpt":{"rendered":"","protected":false},"author":15,"featured_media":0,"parent":0,"menu_order":0,"comment_status":"closed","ping_status":"closed","template":"","meta":{"_acf_changed":false,"_relevanssi_hide_post":"","_relevanssi_hide_content":"","_relevanssi_pin_for_all":"","_relevanssi_pin_keywords":"","_relevanssi_unpin_keywords":"","_relevanssi_related_keywords":"","_relevanssi_related_include_ids":"","_relevanssi_related_exclude_ids":"","_relevanssi_related_no_append":"","_relevanssi_related_not_related":"","_relevanssi_related_posts":"","_relevanssi_noindex_reason":"","footnotes":""},"class_list":["post-4588","page","type-page","status-publish","hentry"],"acf":[],"yoast_head":"<!-- This site is optimized with the Yoast SEO Premium plugin v27.1 (Yoast SEO v27.1.1) - https:\/\/yoast.com\/product\/yoast-seo-premium-wordpress\/ -->\n<title>Na\u0161e pobo\u010dky - WIEGEL<\/title>\n<meta name=\"description\" content=\"Pobo\u010dky WIEGEL: P\u0159ehled v\u0161ech z\u00e1vod\u016f v \u010cesku a Evrop\u011b \u2013 najd\u011bte nejbli\u017e\u0161\u00ed provoz pro zinkov\u00e1n\u00ed, lakov\u00e1n\u00ed \u010di v\u00fdrobu konstrukc\u00ed.\" \/>\n<meta name=\"robots\" content=\"index, follow, max-snippet:-1, max-image-preview:large, max-video-preview:-1\" \/>\n<link rel=\"canonical\" href=\"https:\/\/wiegel.de\/cs\/nase-pobocky\/\" \/>\n<meta property=\"og:locale\" content=\"cs_CZ\" \/>\n<meta property=\"og:type\" content=\"article\" \/>\n<meta property=\"og:title\" content=\"Na\u0161e pobo\u010dky\" \/>\n<meta property=\"og:description\" content=\"Pobo\u010dky WIEGEL: P\u0159ehled v\u0161ech z\u00e1vod\u016f v \u010cesku a Evrop\u011b \u2013 najd\u011bte nejbli\u017e\u0161\u00ed provoz pro zinkov\u00e1n\u00ed, lakov\u00e1n\u00ed \u010di v\u00fdrobu konstrukc\u00ed.\" \/>\n<meta property=\"og:url\" content=\"https:\/\/wiegel.de\/cs\/nase-pobocky\/\" \/>\n<meta property=\"og:site_name\" content=\"WIEGEL\" \/>\n<meta property=\"article:modified_time\" content=\"2025-05-13T13:31:21+00:00\" \/>\n<meta name=\"twitter:card\" content=\"summary_large_image\" \/>\n<script type=\"application\/ld+json\" class=\"yoast-schema-graph\">{\"@context\":\"https:\/\/schema.org\",\"@graph\":[{\"@type\":\"WebPage\",\"@id\":\"https:\/\/wiegel.de\/cs\/nase-pobocky\/\",\"url\":\"https:\/\/wiegel.de\/cs\/nase-pobocky\/\",\"name\":\"Na\u0161e pobo\u010dky - WIEGEL\",\"isPartOf\":{\"@id\":\"https:\/\/wiegel.de\/#website\"},\"datePublished\":\"2024-03-06T08:35:53+00:00\",\"dateModified\":\"2025-05-13T13:31:21+00:00\",\"description\":\"Pobo\u010dky WIEGEL: P\u0159ehled v\u0161ech z\u00e1vod\u016f v \u010cesku a Evrop\u011b \u2013 najd\u011bte nejbli\u017e\u0161\u00ed provoz pro zinkov\u00e1n\u00ed, lakov\u00e1n\u00ed \u010di v\u00fdrobu konstrukc\u00ed.\",\"breadcrumb\":{\"@id\":\"https:\/\/wiegel.de\/cs\/nase-pobocky\/#breadcrumb\"},\"inLanguage\":\"cs\",\"potentialAction\":[{\"@type\":\"ReadAction\",\"target\":[\"https:\/\/wiegel.de\/cs\/nase-pobocky\/\"]}]},{\"@type\":\"BreadcrumbList\",\"@id\":\"https:\/\/wiegel.de\/cs\/nase-pobocky\/#breadcrumb\",\"itemListElement\":[{\"@type\":\"ListItem\",\"position\":1,\"name\":\"Start\",\"item\":\"https:\/\/wiegel.de\/cs\/\"},{\"@type\":\"ListItem\",\"position\":2,\"name\":\"Na\u0161e pobo\u010dky\"}]},{\"@type\":\"WebSite\",\"@id\":\"https:\/\/wiegel.de\/#website\",\"url\":\"https:\/\/wiegel.de\/\",\"name\":\"WIEGEL\",\"description\":\"Feuerverzinken, Beschichten, Gittermastbau, Telekommunikation\",\"potentialAction\":[{\"@type\":\"SearchAction\",\"target\":{\"@type\":\"EntryPoint\",\"urlTemplate\":\"https:\/\/wiegel.de\/?s={search_term_string}\"},\"query-input\":{\"@type\":\"PropertyValueSpecification\",\"valueRequired\":true,\"valueName\":\"search_term_string\"}}],\"inLanguage\":\"cs\"}]}<\/script>\n<!-- \/ Yoast SEO Premium plugin. -->","yoast_head_json":{"title":"Na\u0161e pobo\u010dky - WIEGEL","description":"Pobo\u010dky WIEGEL: P\u0159ehled v\u0161ech z\u00e1vod\u016f v \u010cesku a Evrop\u011b \u2013 najd\u011bte nejbli\u017e\u0161\u00ed provoz pro zinkov\u00e1n\u00ed, lakov\u00e1n\u00ed \u010di v\u00fdrobu konstrukc\u00ed.","robots":{"index":"index","follow":"follow","max-snippet":"max-snippet:-1","max-image-preview":"max-image-preview:large","max-video-preview":"max-video-preview:-1"},"canonical":"https:\/\/wiegel.de\/cs\/nase-pobocky\/","og_locale":"cs_CZ","og_type":"article","og_title":"Na\u0161e pobo\u010dky","og_description":"Pobo\u010dky WIEGEL: P\u0159ehled v\u0161ech z\u00e1vod\u016f v \u010cesku a Evrop\u011b \u2013 najd\u011bte nejbli\u017e\u0161\u00ed provoz pro zinkov\u00e1n\u00ed, lakov\u00e1n\u00ed \u010di v\u00fdrobu konstrukc\u00ed.","og_url":"https:\/\/wiegel.de\/cs\/nase-pobocky\/","og_site_name":"WIEGEL","article_modified_time":"2025-05-13T13:31:21+00:00","twitter_card":"summary_large_image","schema":{"@context":"https:\/\/schema.org","@graph":[{"@type":"WebPage","@id":"https:\/\/wiegel.de\/cs\/nase-pobocky\/","url":"https:\/\/wiegel.de\/cs\/nase-pobocky\/","name":"Na\u0161e pobo\u010dky - WIEGEL","isPartOf":{"@id":"https:\/\/wiegel.de\/#website"},"datePublished":"2024-03-06T08:35:53+00:00","dateModified":"2025-05-13T13:31:21+00:00","description":"Pobo\u010dky WIEGEL: P\u0159ehled v\u0161ech z\u00e1vod\u016f v \u010cesku a Evrop\u011b \u2013 najd\u011bte nejbli\u017e\u0161\u00ed provoz pro zinkov\u00e1n\u00ed, lakov\u00e1n\u00ed \u010di v\u00fdrobu konstrukc\u00ed.","breadcrumb":{"@id":"https:\/\/wiegel.de\/cs\/nase-pobocky\/#breadcrumb"},"inLanguage":"cs","potentialAction":[{"@type":"ReadAction","target":["https:\/\/wiegel.de\/cs\/nase-pobocky\/"]}]},{"@type":"BreadcrumbList","@id":"https:\/\/wiegel.de\/cs\/nase-pobocky\/#breadcrumb","itemListElement":[{"@type":"ListItem","position":1,"name":"Start","item":"https:\/\/wiegel.de\/cs\/"},{"@type":"ListItem","position":2,"name":"Na\u0161e pobo\u010dky"}]},{"@type":"WebSite","@id":"https:\/\/wiegel.de\/#website","url":"https:\/\/wiegel.de\/","name":"WIEGEL","description":"Feuerverzinken, Beschichten, Gittermastbau, Telekommunikation","potentialAction":[{"@type":"SearchAction","target":{"@type":"EntryPoint","urlTemplate":"https:\/\/wiegel.de\/?s={search_term_string}"},"query-input":{"@type":"PropertyValueSpecification","valueRequired":true,"valueName":"search_term_string"}}],"inLanguage":"cs"}]}},"_links":{"self":[{"href":"https:\/\/wiegel.de\/cs\/wp-json\/wp\/v2\/pages\/4588","targetHints":{"allow":["GET"]}}],"collection":[{"href":"https:\/\/wiegel.de\/cs\/wp-json\/wp\/v2\/pages"}],"about":[{"href":"https:\/\/wiegel.de\/cs\/wp-json\/wp\/v2\/types\/page"}],"author":[{"embeddable":true,"href":"https:\/\/wiegel.de\/cs\/wp-json\/wp\/v2\/users\/15"}],"replies":[{"embeddable":true,"href":"https:\/\/wiegel.de\/cs\/wp-json\/wp\/v2\/comments?post=4588"}],"version-history":[{"count":5,"href":"https:\/\/wiegel.de\/cs\/wp-json\/wp\/v2\/pages\/4588\/revisions"}],"predecessor-version":[{"id":16156,"href":"https:\/\/wiegel.de\/cs\/wp-json\/wp\/v2\/pages\/4588\/revisions\/16156"}],"wp:attachment":[{"href":"https:\/\/wiegel.de\/cs\/wp-json\/wp\/v2\/media?parent=4588"}],"curies":[{"name":"wp","href":"https:\/\/api.w.org\/{rel}","templated":true}]}}