{"id":4505,"date":"2024-03-13T17:37:47","date_gmt":"2024-03-13T16:37:47","guid":{"rendered":"http:\/\/wiegel.de\/?page_id=4505"},"modified":"2025-05-14T14:07:53","modified_gmt":"2025-05-14T12:07:53","slug":"prokazatelny-system-cen","status":"publish","type":"page","link":"https:\/\/wiegel.de\/cs\/prokazatelny-system-cen\/","title":{"rendered":"Prokazateln\u00fd syst\u00e9m cen"},"content":{"rendered":"","protected":false},"excerpt":{"rendered":"","protected":false},"author":15,"featured_media":0,"parent":0,"menu_order":0,"comment_status":"closed","ping_status":"closed","template":"","meta":{"_acf_changed":false,"_relevanssi_hide_post":"","_relevanssi_hide_content":"","_relevanssi_pin_for_all":"","_relevanssi_pin_keywords":"","_relevanssi_unpin_keywords":"","_relevanssi_related_keywords":"","_relevanssi_related_include_ids":"","_relevanssi_related_exclude_ids":"","_relevanssi_related_no_append":"","_relevanssi_related_not_related":"","_relevanssi_related_posts":"","_relevanssi_noindex_reason":"","footnotes":""},"class_list":["post-4505","page","type-page","status-publish","hentry"],"acf":[],"yoast_head":"<!-- This site is optimized with the Yoast SEO Premium plugin v27.4 (Yoast SEO v27.4) - https:\/\/yoast.com\/product\/yoast-seo-premium-wordpress\/ -->\n<title>Prokazateln\u00fd syst\u00e9m cen - WIEGEL<\/title>\n<meta name=\"description\" content=\"Prokazateln\u00fd syst\u00e9m cen WIEGEL \u2013 individu\u00e1ln\u00ed nab\u00eddky p\u0159izp\u016fsoben\u00e9 va\u0161im pot\u0159eb\u00e1m s d\u016frazem na transparentnost a f\u00e9rovost.\" \/>\n<meta name=\"robots\" content=\"noindex, nofollow\" \/>\n<meta property=\"og:locale\" content=\"cs_CZ\" \/>\n<meta property=\"og:type\" content=\"article\" \/>\n<meta property=\"og:title\" content=\"Prokazateln\u00fd syst\u00e9m cen\" \/>\n<meta property=\"og:description\" content=\"Prokazateln\u00fd syst\u00e9m cen WIEGEL \u2013 individu\u00e1ln\u00ed nab\u00eddky p\u0159izp\u016fsoben\u00e9 va\u0161im pot\u0159eb\u00e1m s d\u016frazem na transparentnost a f\u00e9rovost.\" \/>\n<meta property=\"og:url\" content=\"https:\/\/wiegel.de\/nachvollziehbares-preissystem\/\" \/>\n<meta property=\"og:site_name\" content=\"WIEGEL\" \/>\n<meta property=\"article:modified_time\" content=\"2025-05-14T12:07:53+00:00\" \/>\n<meta property=\"og:image\" content=\"https:\/\/wiegel.de\/wp-content\/uploads\/2024\/03\/Header-Aktuelles-Zinkpreis-150x150.jpg\" \/>\n<meta name=\"twitter:card\" content=\"summary_large_image\" \/>\n<script type=\"application\/ld+json\" class=\"yoast-schema-graph\">{\"@context\":\"https:\\\/\\\/schema.org\",\"@graph\":[{\"@type\":\"WebPage\",\"@id\":\"https:\\\/\\\/wiegel.de\\\/nachvollziehbares-preissystem\\\/\",\"url\":\"https:\\\/\\\/wiegel.de\\\/nachvollziehbares-preissystem\\\/\",\"name\":\"Prokazateln\u00fd syst\u00e9m cen - WIEGEL\",\"isPartOf\":{\"@id\":\"https:\\\/\\\/wiegel.de\\\/#website\"},\"datePublished\":\"2024-03-13T16:37:47+00:00\",\"dateModified\":\"2025-05-14T12:07:53+00:00\",\"description\":\"Prokazateln\u00fd syst\u00e9m cen WIEGEL \u2013 individu\u00e1ln\u00ed nab\u00eddky p\u0159izp\u016fsoben\u00e9 va\u0161im pot\u0159eb\u00e1m s d\u016frazem na transparentnost a f\u00e9rovost.\",\"breadcrumb\":{\"@id\":\"https:\\\/\\\/wiegel.de\\\/nachvollziehbares-preissystem\\\/#breadcrumb\"},\"inLanguage\":\"cs\",\"potentialAction\":[{\"@type\":\"ReadAction\",\"target\":[\"https:\\\/\\\/wiegel.de\\\/nachvollziehbares-preissystem\\\/\"]}]},{\"@type\":\"BreadcrumbList\",\"@id\":\"https:\\\/\\\/wiegel.de\\\/nachvollziehbares-preissystem\\\/#breadcrumb\",\"itemListElement\":[{\"@type\":\"ListItem\",\"position\":1,\"name\":\"Start\",\"item\":\"https:\\\/\\\/wiegel.de\\\/cs\\\/\"},{\"@type\":\"ListItem\",\"position\":2,\"name\":\"Prokazateln\u00fd syst\u00e9m cen\"}]},{\"@type\":\"WebSite\",\"@id\":\"https:\\\/\\\/wiegel.de\\\/#website\",\"url\":\"https:\\\/\\\/wiegel.de\\\/\",\"name\":\"WIEGEL\",\"description\":\"Feuerverzinken, Beschichten, Gittermastbau, Telekommunikation\",\"potentialAction\":[{\"@type\":\"SearchAction\",\"target\":{\"@type\":\"EntryPoint\",\"urlTemplate\":\"https:\\\/\\\/wiegel.de\\\/?s={search_term_string}\"},\"query-input\":{\"@type\":\"PropertyValueSpecification\",\"valueRequired\":true,\"valueName\":\"search_term_string\"}}],\"inLanguage\":\"cs\"}]}<\/script>\n<!-- \/ Yoast SEO Premium plugin. -->","yoast_head_json":{"title":"Prokazateln\u00fd syst\u00e9m cen - WIEGEL","description":"Prokazateln\u00fd syst\u00e9m cen WIEGEL \u2013 individu\u00e1ln\u00ed nab\u00eddky p\u0159izp\u016fsoben\u00e9 va\u0161im pot\u0159eb\u00e1m s d\u016frazem na transparentnost a f\u00e9rovost.","robots":{"index":"noindex","follow":"nofollow"},"og_locale":"cs_CZ","og_type":"article","og_title":"Prokazateln\u00fd syst\u00e9m cen","og_description":"Prokazateln\u00fd syst\u00e9m cen WIEGEL \u2013 individu\u00e1ln\u00ed nab\u00eddky p\u0159izp\u016fsoben\u00e9 va\u0161im pot\u0159eb\u00e1m s d\u016frazem na transparentnost a f\u00e9rovost.","og_url":"https:\/\/wiegel.de\/nachvollziehbares-preissystem\/","og_site_name":"WIEGEL","article_modified_time":"2025-05-14T12:07:53+00:00","og_image":[{"url":"https:\/\/wiegel.de\/wp-content\/uploads\/2024\/03\/Header-Aktuelles-Zinkpreis-150x150.jpg","type":"","width":"","height":""}],"twitter_card":"summary_large_image","schema":{"@context":"https:\/\/schema.org","@graph":[{"@type":"WebPage","@id":"https:\/\/wiegel.de\/nachvollziehbares-preissystem\/","url":"https:\/\/wiegel.de\/nachvollziehbares-preissystem\/","name":"Prokazateln\u00fd syst\u00e9m cen - WIEGEL","isPartOf":{"@id":"https:\/\/wiegel.de\/#website"},"datePublished":"2024-03-13T16:37:47+00:00","dateModified":"2025-05-14T12:07:53+00:00","description":"Prokazateln\u00fd syst\u00e9m cen WIEGEL \u2013 individu\u00e1ln\u00ed nab\u00eddky p\u0159izp\u016fsoben\u00e9 va\u0161im pot\u0159eb\u00e1m s d\u016frazem na transparentnost a f\u00e9rovost.","breadcrumb":{"@id":"https:\/\/wiegel.de\/nachvollziehbares-preissystem\/#breadcrumb"},"inLanguage":"cs","potentialAction":[{"@type":"ReadAction","target":["https:\/\/wiegel.de\/nachvollziehbares-preissystem\/"]}]},{"@type":"BreadcrumbList","@id":"https:\/\/wiegel.de\/nachvollziehbares-preissystem\/#breadcrumb","itemListElement":[{"@type":"ListItem","position":1,"name":"Start","item":"https:\/\/wiegel.de\/cs\/"},{"@type":"ListItem","position":2,"name":"Prokazateln\u00fd syst\u00e9m cen"}]},{"@type":"WebSite","@id":"https:\/\/wiegel.de\/#website","url":"https:\/\/wiegel.de\/","name":"WIEGEL","description":"Feuerverzinken, Beschichten, Gittermastbau, Telekommunikation","potentialAction":[{"@type":"SearchAction","target":{"@type":"EntryPoint","urlTemplate":"https:\/\/wiegel.de\/?s={search_term_string}"},"query-input":{"@type":"PropertyValueSpecification","valueRequired":true,"valueName":"search_term_string"}}],"inLanguage":"cs"}]}},"_links":{"self":[{"href":"https:\/\/wiegel.de\/cs\/wp-json\/wp\/v2\/pages\/4505","targetHints":{"allow":["GET"]}}],"collection":[{"href":"https:\/\/wiegel.de\/cs\/wp-json\/wp\/v2\/pages"}],"about":[{"href":"https:\/\/wiegel.de\/cs\/wp-json\/wp\/v2\/types\/page"}],"author":[{"embeddable":true,"href":"https:\/\/wiegel.de\/cs\/wp-json\/wp\/v2\/users\/15"}],"replies":[{"embeddable":true,"href":"https:\/\/wiegel.de\/cs\/wp-json\/wp\/v2\/comments?post=4505"}],"version-history":[{"count":2,"href":"https:\/\/wiegel.de\/cs\/wp-json\/wp\/v2\/pages\/4505\/revisions"}],"predecessor-version":[{"id":8723,"href":"https:\/\/wiegel.de\/cs\/wp-json\/wp\/v2\/pages\/4505\/revisions\/8723"}],"wp:attachment":[{"href":"https:\/\/wiegel.de\/cs\/wp-json\/wp\/v2\/media?parent=4505"}],"curies":[{"name":"wp","href":"https:\/\/api.w.org\/{rel}","templated":true}]}}